{"id":1097,"date":"2025-11-21T14:25:56","date_gmt":"2025-11-21T13:25:56","guid":{"rendered":"https:\/\/www.autonomade.fr\/?page_id=1097"},"modified":"2025-11-22T12:39:08","modified_gmt":"2025-11-22T11:39:08","slug":"services","status":"publish","type":"page","link":"https:\/\/www.autonomade.fr\/index.php\/services\/","title":{"rendered":"Services"},"content":{"rendered":"\t\t<div data-elementor-type=\"wp-page\" data-elementor-id=\"1097\" class=\"elementor elementor-1097\">\n\t\t\t\t<div class=\"aux-parallax-section elementor-element elementor-element-581d19d e-flex e-con-boxed e-con e-parent\" data-id=\"581d19d\" data-element_type=\"container\">\n\t\t\t\t\t<div class=\"e-con-inner\">\n\t\t\t\t<div class=\"elementor-element elementor-element-23c60b5 e-n-tabs-mobile elementor-widget elementor-widget-n-tabs\" data-id=\"23c60b5\" data-element_type=\"widget\" data-settings=\"{&quot;tabs_justify_horizontal&quot;:&quot;stretch&quot;,&quot;horizontal_scroll&quot;:&quot;disable&quot;}\" data-widget_type=\"nested-tabs.default\">\n\t\t\t\t\t\t\t<div class=\"e-n-tabs\" data-widget-number=\"37511349\" aria-label=\"Onglets. Ouvrez des \u00e9l\u00e9ments avec Entrer ou Espace, fermez-les avec Echape et naviguez \u00e0 l&#039;aide des touches fl\u00e9ch\u00e9es.\">\n\t\t\t<div class=\"e-n-tabs-heading\" role=\"tablist\">\n\t\t\t\t\t<button id=\"e-n-tab-title-375113491\" data-tab-title-id=\"e-n-tab-title-375113491\" class=\"e-n-tab-title\" aria-selected=\"true\" data-tab-index=\"1\" role=\"tab\" tabindex=\"0\" aria-controls=\"e-n-tab-content-375113491\" style=\"--n-tabs-title-order: 1;\">\n\t\t\t\t\t\t<span class=\"e-n-tab-title-text\">\n\t\t\t\tElectricit\u00e9\t\t\t<\/span>\n\t\t<\/button>\n\t\t\t\t<button id=\"e-n-tab-title-375113492\" data-tab-title-id=\"e-n-tab-title-375113492\" class=\"e-n-tab-title\" aria-selected=\"false\" data-tab-index=\"2\" role=\"tab\" tabindex=\"-1\" aria-controls=\"e-n-tab-content-375113492\" style=\"--n-tabs-title-order: 2;\">\n\t\t\t\t\t\t<span class=\"e-n-tab-title-text\">\n\t\t\t\tEau\t\t\t<\/span>\n\t\t<\/button>\n\t\t\t\t<button id=\"e-n-tab-title-375113493\" data-tab-title-id=\"e-n-tab-title-375113493\" class=\"e-n-tab-title\" aria-selected=\"false\" data-tab-index=\"3\" role=\"tab\" tabindex=\"-1\" aria-controls=\"e-n-tab-content-375113493\" style=\"--n-tabs-title-order: 3;\">\n\t\t\t\t\t\t<span class=\"e-n-tab-title-text\">\n\t\t\t\tChauffage\t\t\t<\/span>\n\t\t<\/button>\n\t\t\t\t<button id=\"e-n-tab-title-375113494\" data-tab-title-id=\"e-n-tab-title-375113494\" class=\"e-n-tab-title\" aria-selected=\"false\" data-tab-index=\"4\" role=\"tab\" tabindex=\"-1\" aria-controls=\"e-n-tab-content-375113494\" style=\"--n-tabs-title-order: 4;\">\n\t\t\t\t\t\t<span class=\"e-n-tab-title-text\">\n\t\t\t\tIsolation\t\t\t<\/span>\n\t\t<\/button>\n\t\t\t\t<button id=\"e-n-tab-title-375113495\" data-tab-title-id=\"e-n-tab-title-375113495\" class=\"e-n-tab-title\" aria-selected=\"false\" data-tab-index=\"5\" role=\"tab\" tabindex=\"-1\" aria-controls=\"e-n-tab-content-375113495\" style=\"--n-tabs-title-order: 5;\">\n\t\t\t\t\t\t<span class=\"e-n-tab-title-text\">\n\t\t\t\tAm\u00e9nagement\t\t\t<\/span>\n\t\t<\/button>\n\t\t\t\t\t<\/div>\n\t\t\t<div class=\"e-n-tabs-content\">\n\t\t\t\t<div id=\"e-n-tab-content-375113491\" role=\"tabpanel\" aria-labelledby=\"e-n-tab-title-375113491\" data-tab-index=\"1\" style=\"--n-tabs-title-order: 1;\" class=\"e-active elementor-element elementor-element-bc49ba0 e-con-full e-flex e-con e-child\" data-id=\"bc49ba0\" data-element_type=\"container\">\n\t\t<div class=\"elementor-element elementor-element-10e6c85 e-con-full e-flex e-con e-child\" data-id=\"10e6c85\" data-element_type=\"container\">\n\t\t\t\t<div class=\"elementor-element elementor-element-35e0da4 elementor-widget elementor-widget-text-editor\" data-id=\"35e0da4\" data-element_type=\"widget\" data-widget_type=\"text-editor.default\">\n\t\t\t\t\t\t\t\t\t<ul><li><h3>Cr\u00e9ation de plans de principe<\/h3><\/li><li><h3>Etude des besoins<\/h3><\/li><li><h3>Conseils<\/h3><\/li><li><h3>Installation<\/h3><\/li><li><h3>Diagnostique de panne<\/h3><\/li><li><h3>R\u00e9paration<\/h3><\/li><li><h3>Revente de mat\u00e9riel<\/h3><\/li><\/ul>\t\t\t\t\t\t\t\t<\/div>\n\t\t\t\t<\/div>\n\t\t\t\t<\/div>\n\t\t<div id=\"e-n-tab-content-375113492\" role=\"tabpanel\" aria-labelledby=\"e-n-tab-title-375113492\" data-tab-index=\"2\" style=\"--n-tabs-title-order: 2;\" class=\" elementor-element elementor-element-f1d60aa e-con-full e-flex e-con e-child\" data-id=\"f1d60aa\" data-element_type=\"container\">\n\t\t<div class=\"elementor-element elementor-element-9b83d6d e-con-full e-flex e-con e-child\" data-id=\"9b83d6d\" data-element_type=\"container\">\n\t\t\t\t<div class=\"elementor-element elementor-element-a749d40 elementor-widget elementor-widget-text-editor\" data-id=\"a749d40\" data-element_type=\"widget\" data-widget_type=\"text-editor.default\">\n\t\t\t\t\t\t\t\t\t<ul><li><h3>R\u00e9servoirs eau sanitaire \/ eau grise \/ eau noire<\/h3><\/li><li><h3>Pompe<\/h3><\/li><li><h3>Eau chaude sanitaire<\/h3><\/li><li><h3>Plomberie<\/h3><\/li><li><h3>Filtration<\/h3><\/li><li><h3>Traitement<\/h3><\/li><\/ul>\t\t\t\t\t\t\t\t<\/div>\n\t\t\t\t<\/div>\n\t\t\t\t<\/div>\n\t\t<div id=\"e-n-tab-content-375113493\" role=\"tabpanel\" aria-labelledby=\"e-n-tab-title-375113493\" data-tab-index=\"3\" style=\"--n-tabs-title-order: 3;\" class=\" elementor-element elementor-element-3632f32 e-con-full e-flex e-con e-child\" data-id=\"3632f32\" data-element_type=\"container\">\n\t\t<div class=\"elementor-element elementor-element-cb611eb e-con-full e-flex e-con e-child\" data-id=\"cb611eb\" data-element_type=\"container\">\n\t\t\t\t<div class=\"elementor-element elementor-element-b9bf5d4 elementor-widget elementor-widget-text-editor\" data-id=\"b9bf5d4\" data-element_type=\"widget\" data-widget_type=\"text-editor.default\">\n\t\t\t\t\t\t\t\t\t<ul><li><h3>Installation de chauffage autonome diesel \/ essence \/ bois<\/h3><\/li><li><h3>Plancher chauffant, aerotherme, production eau chaude<\/h3><\/li><li><h3>Pr\u00e9chauffage moteur pour temps froid extr\u00e8me<\/h3><\/li><\/ul>\t\t\t\t\t\t\t\t<\/div>\n\t\t\t\t<\/div>\n\t\t\t\t<\/div>\n\t\t<div id=\"e-n-tab-content-375113494\" role=\"tabpanel\" aria-labelledby=\"e-n-tab-title-375113494\" data-tab-index=\"4\" style=\"--n-tabs-title-order: 4;\" class=\" elementor-element elementor-element-9d713ad e-flex e-con-boxed e-con e-child\" data-id=\"9d713ad\" data-element_type=\"container\">\n\t\t\t\t\t<div class=\"e-con-inner\">\n\t\t<div class=\"elementor-element elementor-element-625a875 e-con-full e-flex e-con e-child\" data-id=\"625a875\" data-element_type=\"container\" data-settings=\"{&quot;background_background&quot;:&quot;classic&quot;}\">\n\t\t\t\t<div class=\"elementor-element elementor-element-b2b7c19 elementor-widget elementor-widget-text-editor\" data-id=\"b2b7c19\" data-element_type=\"widget\" data-widget_type=\"text-editor.default\">\n\t\t\t\t\t\t\t\t\t<h3>Mise en place de li\u00e8ge projet\u00e9 pour coupure des ponts thermiques et isolation phonique<\/h3><ul><li style=\"text-align: left;\">Pr\u00e9paration du v\u00e9hicule<\/li><li style=\"text-align: left;\">D\u00e9montage des habillages<\/li><li style=\"text-align: left;\">D\u00e9graissage des \u00e9l\u00e9ments \u00e0 prot\u00e9ger<\/li><li style=\"text-align: left;\">Mise en place du masquage de protection<\/li><li style=\"text-align: left;\">Application du li\u00e8ge en plusieurs couches avec temps<\/li><li style=\"text-align: left;\">Remontage des habillages<\/li><\/ul><p>\u00a0<\/p>\t\t\t\t\t\t\t\t<\/div>\n\t\t\t\t<\/div>\n\t\t\t\t\t<\/div>\n\t\t\t\t<\/div>\n\t\t<div id=\"e-n-tab-content-375113495\" role=\"tabpanel\" aria-labelledby=\"e-n-tab-title-375113495\" data-tab-index=\"5\" style=\"--n-tabs-title-order: 5;\" class=\" elementor-element elementor-element-fd20be1 e-flex e-con-boxed e-con e-child\" data-id=\"fd20be1\" data-element_type=\"container\">\n\t\t\t\t\t<div class=\"e-con-inner\">\n\t\t<div class=\"elementor-element elementor-element-70e1364 e-con-full e-flex e-con e-child\" data-id=\"70e1364\" data-element_type=\"container\">\n\t\t\t\t<div class=\"elementor-element elementor-element-88d6ca4 elementor-widget elementor-widget-text-editor\" data-id=\"88d6ca4\" data-element_type=\"widget\" data-widget_type=\"text-editor.default\">\n\t\t\t\t\t\t\t\t\t<ul><li><h3>Atelier bois pour cr\u00e9ation sur mesure de meuble et \u00e9l\u00e9ments de structure pour am\u00e9nager votre v\u00e9hicule.<\/h3><\/li><li><h3>Possibilit\u00e9 de travailler en accompagnement<\/h3><\/li><\/ul>\t\t\t\t\t\t\t\t<\/div>\n\t\t\t\t<\/div>\n\t\t\t\t\t<\/div>\n\t\t\t\t<\/div>\n\t\t\t\t\t<\/div>\n\t\t<\/div>\n\t\t\t\t\t\t<\/div>\n\t\t\t\t\t<\/div>\n\t\t\t\t<\/div>\n\t\t\t\t<\/div>\n\t\t","protected":false},"excerpt":{"rendered":"<p>Electricit\u00e9 Eau Chauffage Isolation Am\u00e9nagement Cr\u00e9ation de plans de principe Etude des besoins Conseils Installation Diagnostique de panne R\u00e9paration Revente de mat\u00e9riel R\u00e9servoirs eau sanitaire \/ eau grise \/ eau noire Pompe Eau chaude sanitaire Plomberie Filtration Traitement Installation de chauffage autonome diesel \/ essence \/ bois Plancher chauffant, aerotherme, production eau chaude Pr\u00e9chauffage moteur [&hellip;]<\/p>\n","protected":false},"author":1,"featured_media":0,"parent":0,"menu_order":0,"comment_status":"closed","ping_status":"closed","template":"","meta":{"footnotes":""},"class_list":["post-1097","page","type-page","status-publish","hentry"],"yoast_head":"<!-- This site is optimized with the Yoast SEO plugin v26.7 - https:\/\/yoast.com\/wordpress\/plugins\/seo\/ -->\n<title>Services - Autonomade<\/title>\n<meta name=\"robots\" content=\"index, follow, max-snippet:-1, max-image-preview:large, max-video-preview:-1\" \/>\n<link rel=\"canonical\" href=\"https:\/\/www.autonomade.fr\/index.php\/services\/\" \/>\n<meta property=\"og:locale\" content=\"fr_FR\" \/>\n<meta property=\"og:type\" content=\"article\" \/>\n<meta property=\"og:title\" content=\"Services - Autonomade\" \/>\n<meta property=\"og:description\" content=\"Electricit\u00e9 Eau Chauffage Isolation Am\u00e9nagement Cr\u00e9ation de plans de principe Etude des besoins Conseils Installation Diagnostique de panne R\u00e9paration Revente de mat\u00e9riel R\u00e9servoirs eau sanitaire \/ eau grise \/ eau noire Pompe Eau chaude sanitaire Plomberie Filtration Traitement Installation de chauffage autonome diesel \/ essence \/ bois Plancher chauffant, aerotherme, production eau chaude Pr\u00e9chauffage moteur [&hellip;]\" \/>\n<meta property=\"og:url\" content=\"https:\/\/www.autonomade.fr\/index.php\/services\/\" \/>\n<meta property=\"og:site_name\" content=\"Autonomade\" \/>\n<meta property=\"article:modified_time\" content=\"2025-11-22T11:39:08+00:00\" \/>\n<meta name=\"twitter:card\" content=\"summary_large_image\" \/>\n<meta name=\"twitter:label1\" content=\"Dur\u00e9e de lecture estim\u00e9e\" \/>\n\t<meta name=\"twitter:data1\" content=\"2 minutes\" \/>\n<script type=\"application\/ld+json\" class=\"yoast-schema-graph\">{\"@context\":\"https:\/\/schema.org\",\"@graph\":[{\"@type\":\"WebPage\",\"@id\":\"https:\/\/www.autonomade.fr\/index.php\/services\/\",\"url\":\"https:\/\/www.autonomade.fr\/index.php\/services\/\",\"name\":\"Services - Autonomade\",\"isPartOf\":{\"@id\":\"https:\/\/www.autonomade.fr\/#website\"},\"datePublished\":\"2025-11-21T13:25:56+00:00\",\"dateModified\":\"2025-11-22T11:39:08+00:00\",\"breadcrumb\":{\"@id\":\"https:\/\/www.autonomade.fr\/index.php\/services\/#breadcrumb\"},\"inLanguage\":\"fr-FR\",\"potentialAction\":[{\"@type\":\"ReadAction\",\"target\":[\"https:\/\/www.autonomade.fr\/index.php\/services\/\"]}]},{\"@type\":\"BreadcrumbList\",\"@id\":\"https:\/\/www.autonomade.fr\/index.php\/services\/#breadcrumb\",\"itemListElement\":[{\"@type\":\"ListItem\",\"position\":1,\"name\":\"Home\",\"item\":\"https:\/\/www.autonomade.fr\/\"},{\"@type\":\"ListItem\",\"position\":2,\"name\":\"Services\"}]},{\"@type\":\"WebSite\",\"@id\":\"https:\/\/www.autonomade.fr\/#website\",\"url\":\"https:\/\/www.autonomade.fr\/\",\"name\":\"Autonomade\",\"description\":\"\",\"publisher\":{\"@id\":\"https:\/\/www.autonomade.fr\/#organization\"},\"potentialAction\":[{\"@type\":\"SearchAction\",\"target\":{\"@type\":\"EntryPoint\",\"urlTemplate\":\"https:\/\/www.autonomade.fr\/?s={search_term_string}\"},\"query-input\":{\"@type\":\"PropertyValueSpecification\",\"valueRequired\":true,\"valueName\":\"search_term_string\"}}],\"inLanguage\":\"fr-FR\"},{\"@type\":\"Organization\",\"@id\":\"https:\/\/www.autonomade.fr\/#organization\",\"name\":\"Autonomade\",\"url\":\"https:\/\/www.autonomade.fr\/\",\"logo\":{\"@type\":\"ImageObject\",\"inLanguage\":\"fr-FR\",\"@id\":\"https:\/\/www.autonomade.fr\/#\/schema\/logo\/image\/\",\"url\":\"https:\/\/www.autonomade.fr\/wp-content\/uploads\/2025\/10\/logoAutoNomade.png\",\"contentUrl\":\"https:\/\/www.autonomade.fr\/wp-content\/uploads\/2025\/10\/logoAutoNomade.png\",\"width\":509,\"height\":112,\"caption\":\"Autonomade\"},\"image\":{\"@id\":\"https:\/\/www.autonomade.fr\/#\/schema\/logo\/image\/\"},\"sameAs\":[\"https:\/\/www.instagram.com\/autonomade.fr\/\"]}]}<\/script>\n<!-- \/ Yoast SEO plugin. -->","yoast_head_json":{"title":"Services - Autonomade","robots":{"index":"index","follow":"follow","max-snippet":"max-snippet:-1","max-image-preview":"max-image-preview:large","max-video-preview":"max-video-preview:-1"},"canonical":"https:\/\/www.autonomade.fr\/index.php\/services\/","og_locale":"fr_FR","og_type":"article","og_title":"Services - Autonomade","og_description":"Electricit\u00e9 Eau Chauffage Isolation Am\u00e9nagement Cr\u00e9ation de plans de principe Etude des besoins Conseils Installation Diagnostique de panne R\u00e9paration Revente de mat\u00e9riel R\u00e9servoirs eau sanitaire \/ eau grise \/ eau noire Pompe Eau chaude sanitaire Plomberie Filtration Traitement Installation de chauffage autonome diesel \/ essence \/ bois Plancher chauffant, aerotherme, production eau chaude Pr\u00e9chauffage moteur [&hellip;]","og_url":"https:\/\/www.autonomade.fr\/index.php\/services\/","og_site_name":"Autonomade","article_modified_time":"2025-11-22T11:39:08+00:00","twitter_card":"summary_large_image","twitter_misc":{"Dur\u00e9e de lecture estim\u00e9e":"2 minutes"},"schema":{"@context":"https:\/\/schema.org","@graph":[{"@type":"WebPage","@id":"https:\/\/www.autonomade.fr\/index.php\/services\/","url":"https:\/\/www.autonomade.fr\/index.php\/services\/","name":"Services - Autonomade","isPartOf":{"@id":"https:\/\/www.autonomade.fr\/#website"},"datePublished":"2025-11-21T13:25:56+00:00","dateModified":"2025-11-22T11:39:08+00:00","breadcrumb":{"@id":"https:\/\/www.autonomade.fr\/index.php\/services\/#breadcrumb"},"inLanguage":"fr-FR","potentialAction":[{"@type":"ReadAction","target":["https:\/\/www.autonomade.fr\/index.php\/services\/"]}]},{"@type":"BreadcrumbList","@id":"https:\/\/www.autonomade.fr\/index.php\/services\/#breadcrumb","itemListElement":[{"@type":"ListItem","position":1,"name":"Home","item":"https:\/\/www.autonomade.fr\/"},{"@type":"ListItem","position":2,"name":"Services"}]},{"@type":"WebSite","@id":"https:\/\/www.autonomade.fr\/#website","url":"https:\/\/www.autonomade.fr\/","name":"Autonomade","description":"","publisher":{"@id":"https:\/\/www.autonomade.fr\/#organization"},"potentialAction":[{"@type":"SearchAction","target":{"@type":"EntryPoint","urlTemplate":"https:\/\/www.autonomade.fr\/?s={search_term_string}"},"query-input":{"@type":"PropertyValueSpecification","valueRequired":true,"valueName":"search_term_string"}}],"inLanguage":"fr-FR"},{"@type":"Organization","@id":"https:\/\/www.autonomade.fr\/#organization","name":"Autonomade","url":"https:\/\/www.autonomade.fr\/","logo":{"@type":"ImageObject","inLanguage":"fr-FR","@id":"https:\/\/www.autonomade.fr\/#\/schema\/logo\/image\/","url":"https:\/\/www.autonomade.fr\/wp-content\/uploads\/2025\/10\/logoAutoNomade.png","contentUrl":"https:\/\/www.autonomade.fr\/wp-content\/uploads\/2025\/10\/logoAutoNomade.png","width":509,"height":112,"caption":"Autonomade"},"image":{"@id":"https:\/\/www.autonomade.fr\/#\/schema\/logo\/image\/"},"sameAs":["https:\/\/www.instagram.com\/autonomade.fr\/"]}]}},"_links":{"self":[{"href":"https:\/\/www.autonomade.fr\/index.php\/wp-json\/wp\/v2\/pages\/1097","targetHints":{"allow":["GET"]}}],"collection":[{"href":"https:\/\/www.autonomade.fr\/index.php\/wp-json\/wp\/v2\/pages"}],"about":[{"href":"https:\/\/www.autonomade.fr\/index.php\/wp-json\/wp\/v2\/types\/page"}],"author":[{"embeddable":true,"href":"https:\/\/www.autonomade.fr\/index.php\/wp-json\/wp\/v2\/users\/1"}],"replies":[{"embeddable":true,"href":"https:\/\/www.autonomade.fr\/index.php\/wp-json\/wp\/v2\/comments?post=1097"}],"version-history":[{"count":31,"href":"https:\/\/www.autonomade.fr\/index.php\/wp-json\/wp\/v2\/pages\/1097\/revisions"}],"predecessor-version":[{"id":1153,"href":"https:\/\/www.autonomade.fr\/index.php\/wp-json\/wp\/v2\/pages\/1097\/revisions\/1153"}],"wp:attachment":[{"href":"https:\/\/www.autonomade.fr\/index.php\/wp-json\/wp\/v2\/media?parent=1097"}],"curies":[{"name":"wp","href":"https:\/\/api.w.org\/{rel}","templated":true}]}}