{"id":31,"date":"2025-10-31T16:17:32","date_gmt":"2025-10-31T15:17:32","guid":{"rendered":"http:\/\/vps-c83c33c3.vps.ovh.net\/?page_id=31"},"modified":"2025-11-21T11:04:59","modified_gmt":"2025-11-21T10:04:59","slug":"vehicules","status":"publish","type":"page","link":"https:\/\/www.autonomade.fr\/index.php\/vehicules\/","title":{"rendered":"V\u00e9hicules"},"content":{"rendered":"\t\t<div data-elementor-type=\"wp-page\" data-elementor-id=\"31\" class=\"elementor elementor-31\">\n\t\t\t\t<div class=\"aux-parallax-section elementor-element elementor-element-79e8804d e-flex e-con-boxed e-con e-parent\" data-id=\"79e8804d\" data-element_type=\"container\" data-settings=\"{&quot;background_background&quot;:&quot;classic&quot;}\">\n\t\t\t\t\t<div class=\"e-con-inner\">\n\t\t\t\t<div class=\"elementor-element elementor-element-13e48298 elementor-invisible elementor-widget elementor-widget-heading\" data-id=\"13e48298\" data-element_type=\"widget\" data-settings=\"{&quot;_animation&quot;:&quot;fadeIn&quot;}\" data-widget_type=\"heading.default\">\n\t\t\t\t\t<h1 class=\"elementor-heading-title elementor-size-default\">Energie - Solaire - Eau - Chauffage<\/h1>\t\t\t\t<\/div>\n\t\t\t\t<div class=\"elementor-element elementor-element-f36f0c7 elementor-widget elementor-widget-text-editor\" data-id=\"f36f0c7\" data-element_type=\"widget\" data-widget_type=\"text-editor.default\">\n\t\t\t\t\t\t\t\t\t<p><strong>Services, installation et expertise pour vos v\u00e9hicules de voyage, camion d&rsquo;exp\u00e9dition, 4&#215;4 de raid, van am\u00e9nag\u00e9, camping-car, bateau&#8230;<\/strong><\/p><p><strong>Et aussi pour les v\u00e9hicules professionnels comme les foodtrucks, camions atelier pour \u00eatre ind\u00e9pendant sur site !<\/strong><\/p>\t\t\t\t\t\t\t\t<\/div>\n\t\t\t\t<div class=\"elementor-element elementor-element-479b9831 elementor-widget elementor-widget-text-editor\" data-id=\"479b9831\" data-element_type=\"widget\" data-widget_type=\"text-editor.default\">\n\t\t\t\t\t\t\t\t\t<p><strong><a href=\"https:\/\/www.autonomade.fr\/index.php\/depannage\/\">Nouveau: assistance et d\u00e9pannage 24h\/24 et 7j\/7<\/a><\/strong><\/p>\t\t\t\t\t\t\t\t<\/div>\n\t\t\t\t<div class=\"elementor-element elementor-element-47536961 elementor-align-center elementor-invisible elementor-widget elementor-widget-button\" data-id=\"47536961\" data-element_type=\"widget\" data-settings=\"{&quot;_animation&quot;:&quot;fadeIn&quot;,&quot;_animation_delay&quot;:400}\" data-widget_type=\"button.default\">\n\t\t\t\t\t\t\t\t\t\t<a class=\"elementor-button elementor-button-link elementor-size-sm\" href=\"\/index.php\/contact\/\" id=\"contact_id1\">\n\t\t\t\t\t\t<span class=\"elementor-button-content-wrapper\">\n\t\t\t\t\t\t<span class=\"elementor-button-icon\">\n\t\t\t\t<i aria-hidden=\"true\" class=\"auxicon auxicon-ios-telephone-outline\"><\/i>\t\t\t<\/span>\n\t\t\t\t\t\t\t\t\t<span class=\"elementor-button-text\">Nous contacter<\/span>\n\t\t\t\t\t<\/span>\n\t\t\t\t\t<\/a>\n\t\t\t\t\t\t\t\t<\/div>\n\t\t\t\t\t<\/div>\n\t\t\t\t<\/div>\n\t\t<div class=\"aux-parallax-section elementor-element elementor-element-12a6122a e-flex e-con-boxed e-con e-parent\" data-id=\"12a6122a\" data-element_type=\"container\">\n\t\t\t\t\t<div class=\"e-con-inner\">\n\t\t<div class=\"elementor-element elementor-element-7e47cd79 e-con-full e-grid e-con e-child\" data-id=\"7e47cd79\" data-element_type=\"container\">\n\t\t<a class=\"elementor-element elementor-element-6ad179a0 e-con-full e-flex e-con e-child\" data-id=\"6ad179a0\" data-element_type=\"container\" href=\"https:\/\/www.autonomade.fr\/index.php\/2025\/11\/12\/nos-services-dautonomie-energetique-pour-vehicules\/\">\n\t\t<div class=\"elementor-element elementor-element-9466da7 e-con-full e-flex e-con e-child\" data-id=\"9466da7\" data-element_type=\"container\">\n\t\t\t\t<div class=\"elementor-element elementor-element-759a5656 elementor-widget elementor-widget-heading\" data-id=\"759a5656\" data-element_type=\"widget\" data-widget_type=\"heading.default\">\n\t\t\t\t\t<h2 class=\"elementor-heading-title elementor-size-default\">van life<\/h2>\t\t\t\t<\/div>\n\t\t\t\t<\/div>\n\t\t\t\t<div class=\"elementor-element elementor-element-c2e9a0c elementor-widget elementor-widget-image\" data-id=\"c2e9a0c\" data-element_type=\"widget\" data-widget_type=\"image.default\">\n\t\t\t\t\t\t\t\t\t\t\t\t\t\t\t<img decoding=\"async\" src=\"https:\/\/www.autonomade.fr\/wp-content\/uploads\/elementor\/thumbs\/woman-wearing-black-spaghetti-strap-top-sitting-viewing-body-of-water-stockpack-unsplash-re5rzf1ipopo6khz7xbd1zvx6vp1r4o312x4awviq0.jpg\" title=\"woman-wearing-black-spaghetti-strap-top-sitting-viewing-body-of-water-stockpack-unsplash\" alt=\"Photo by Nicole Geri on Unsplash\" class=\"elementor-animation-grow\" loading=\"lazy\" \/>\t\t\t\t\t\t\t\t\t\t\t\t\t\t\t<\/div>\n\t\t\t\t<div class=\"elementor-element elementor-element-4e929173 elementor-widget elementor-widget-text-editor\" data-id=\"4e929173\" data-element_type=\"widget\" data-widget_type=\"text-editor.default\">\n\t\t\t\t\t\t\t\t\t<p>Vous construisez le van de vos r\u00eaves pour vous \u00e9vader et voyager. Service sur mesure pour vous accompagner : sch\u00e9ma \u00e9lectrique, fourniture du mat\u00e9riel, installation, conseil&#8230;<\/p>\t\t\t\t\t\t\t\t<\/div>\n\t\t\t\t<\/a>\n\t\t<a class=\"elementor-element elementor-element-2e147f4e e-con-full e-flex e-con e-child\" data-id=\"2e147f4e\" data-element_type=\"container\" href=\"https:\/\/www.autonomade.fr\/index.php\/2025\/11\/12\/nos-services-dautonomie-energetique-pour-vehicules\/\">\n\t\t<div class=\"elementor-element elementor-element-636ff83 e-con-full e-flex e-con e-child\" data-id=\"636ff83\" data-element_type=\"container\">\n\t\t\t\t<div class=\"elementor-element elementor-element-7433472b elementor-widget elementor-widget-heading\" data-id=\"7433472b\" data-element_type=\"widget\" data-widget_type=\"heading.default\">\n\t\t\t\t\t<h2 class=\"elementor-heading-title elementor-size-default\">camping-car<\/h2>\t\t\t\t<\/div>\n\t\t\t\t<\/div>\n\t\t\t\t<div class=\"elementor-element elementor-element-5b5223f1 elementor-widget elementor-widget-image\" data-id=\"5b5223f1\" data-element_type=\"widget\" data-widget_type=\"image.default\">\n\t\t\t\t\t\t\t\t\t\t\t\t\t\t\t<img decoding=\"async\" src=\"https:\/\/www.autonomade.fr\/wp-content\/uploads\/elementor\/thumbs\/IMG_1245_1760706493-re2j1wlnxy7htv1ttc9fl93dfrug5773lxhaied094.webp\" title=\"IMG_1245_1760706493\" alt=\"IMG_1245_1760706493\" class=\"elementor-animation-grow\" loading=\"lazy\" \/>\t\t\t\t\t\t\t\t\t\t\t\t\t\t\t<\/div>\n\t\t\t\t<div class=\"elementor-element elementor-element-19298ab8 elementor-widget elementor-widget-text-editor\" data-id=\"19298ab8\" data-element_type=\"widget\" data-widget_type=\"text-editor.default\">\n\t\t\t\t\t\t\t\t\t<p>Rendez votre camping-car autonome, pour plusieurs jours, en \u00e9lectricit\u00e9 et en eau. Ne d\u00e9pendez d&rsquo;une prise \u00e9lectrique pour faire fonctionner votre frigo et autres accessoires. Soyez libres et ind\u00e9pendants !<\/p>\t\t\t\t\t\t\t\t<\/div>\n\t\t\t\t<\/a>\n\t\t<a class=\"elementor-element elementor-element-6e8c4703 e-con-full e-flex e-con e-child\" data-id=\"6e8c4703\" data-element_type=\"container\" href=\"https:\/\/www.autonomade.fr\/index.php\/2025\/11\/12\/nos-services-dautonomie-energetique-pour-vehicules\/\">\n\t\t<div class=\"elementor-element elementor-element-ac0b5ac e-con-full e-flex e-con e-child\" data-id=\"ac0b5ac\" data-element_type=\"container\">\n\t\t\t\t<div class=\"elementor-element elementor-element-5b132040 elementor-widget elementor-widget-heading\" data-id=\"5b132040\" data-element_type=\"widget\" data-widget_type=\"heading.default\">\n\t\t\t\t\t<h2 class=\"elementor-heading-title elementor-size-default\">4x4 \/ camions<\/h2>\t\t\t\t<\/div>\n\t\t\t\t<\/div>\n\t\t\t\t<div class=\"elementor-element elementor-element-4888a210 elementor-widget elementor-widget-image\" data-id=\"4888a210\" data-element_type=\"widget\" data-widget_type=\"image.default\">\n\t\t\t\t\t\t\t\t\t\t\t\t\t\t\t<img decoding=\"async\" src=\"https:\/\/www.autonomade.fr\/wp-content\/uploads\/elementor\/thumbs\/2025-10-18_14-54-13_1760792070-re0x2tqh2x5izinew6sw8x45q2sn3bmvzuf3igw808.webp\" title=\"2025-10-18_14-54-13_1760792070\" alt=\"2025-10-18_14-54-13_1760792070\" class=\"elementor-animation-grow\" loading=\"lazy\" \/>\t\t\t\t\t\t\t\t\t\t\t\t\t\t\t<\/div>\n\t\t\t\t<div class=\"elementor-element elementor-element-1a77b0ef elementor-widget elementor-widget-text-editor\" data-id=\"1a77b0ef\" data-element_type=\"widget\" data-widget_type=\"text-editor.default\">\n\t\t\t\t\t\t\t\t\t<p>Equipper votre v\u00e9hicule de raid ou de voyage (4&#215;4, camion&#8230;) pour le bivouac et l&rsquo;autonomie (batterie lithium, eau, panneaux solaires, 230V, VHF, tente de toit, accessoires &#8230;)<\/p>\t\t\t\t\t\t\t\t<\/div>\n\t\t\t\t<\/a>\n\t\t<a class=\"elementor-element elementor-element-134118b e-con-full e-flex e-con e-child\" data-id=\"134118b\" data-element_type=\"container\" href=\"https:\/\/www.autonomade.fr\/index.php\/2025\/11\/12\/nos-services-dautonomie-energetique-pour-vehicules\/\">\n\t\t<div class=\"elementor-element elementor-element-5661c22 e-con-full e-flex e-con e-child\" data-id=\"5661c22\" data-element_type=\"container\">\n\t\t\t\t<div class=\"elementor-element elementor-element-73aca65 elementor-widget elementor-widget-heading\" data-id=\"73aca65\" data-element_type=\"widget\" data-widget_type=\"heading.default\">\n\t\t\t\t\t<h2 class=\"elementor-heading-title elementor-size-default\">bateaux<\/h2>\t\t\t\t<\/div>\n\t\t\t\t<\/div>\n\t\t\t\t<div class=\"elementor-element elementor-element-fc3e939 elementor-widget elementor-widget-image\" data-id=\"fc3e939\" data-element_type=\"widget\" data-widget_type=\"image.default\">\n\t\t\t\t\t\t\t\t\t\t\t\t\t\t\t<img decoding=\"async\" src=\"https:\/\/www.autonomade.fr\/wp-content\/uploads\/elementor\/thumbs\/1760686819-re2j14ei8x4w5k6se02mig7jm7pfqa35i1wq43itfs.jpg\" title=\"1760686819\" alt=\"1760686819\" class=\"elementor-animation-grow\" loading=\"lazy\" \/>\t\t\t\t\t\t\t\t\t\t\t\t\t\t\t<\/div>\n\t\t\t\t<div class=\"elementor-element elementor-element-600c401 elementor-widget elementor-widget-text-editor\" data-id=\"600c401\" data-element_type=\"widget\" data-widget_type=\"text-editor.default\">\n\t\t\t\t\t\t\t\t\t<p>Que vous souhaitiez recharger votre bateau \u00e0 moteur \u00e9lectrique avec des panneaux solaires, ou rendre votre bateau autonome pour la balade tout en ayant de l&rsquo;\u00e9lectricit\u00e9 \u00e0 bord, nous avons la solution.<\/p>\t\t\t\t\t\t\t\t<\/div>\n\t\t\t\t<\/a>\n\t\t\t\t<\/div>\n\t\t\t\t\t<\/div>\n\t\t\t\t<\/div>\n\t\t\t\t<\/div>\n\t\t","protected":false},"excerpt":{"rendered":"<p>Energie &#8211; Solaire &#8211; Eau &#8211; Chauffage Services, installation et expertise pour vos v\u00e9hicules de voyage, camion d&rsquo;exp\u00e9dition, 4&#215;4 de raid, van am\u00e9nag\u00e9, camping-car, bateau&#8230; Et aussi pour les v\u00e9hicules professionnels comme les foodtrucks, camions atelier pour \u00eatre ind\u00e9pendant sur site ! Nouveau: assistance et d\u00e9pannage 24h\/24 et 7j\/7 Nous contacter van life Vous construisez [&hellip;]<\/p>\n","protected":false},"author":1,"featured_media":0,"parent":0,"menu_order":0,"comment_status":"closed","ping_status":"closed","template":"","meta":{"footnotes":""},"class_list":["post-31","page","type-page","status-publish","hentry"],"yoast_head":"<!-- This site is optimized with the Yoast SEO plugin v26.7 - https:\/\/yoast.com\/wordpress\/plugins\/seo\/ -->\n<title>V\u00e9hicules - Autonomade<\/title>\n<meta name=\"robots\" content=\"index, follow, max-snippet:-1, max-image-preview:large, max-video-preview:-1\" \/>\n<link rel=\"canonical\" href=\"https:\/\/www.autonomade.fr\/index.php\/vehicules\/\" \/>\n<meta property=\"og:locale\" content=\"fr_FR\" \/>\n<meta property=\"og:type\" content=\"article\" \/>\n<meta property=\"og:title\" content=\"V\u00e9hicules - Autonomade\" \/>\n<meta property=\"og:description\" content=\"Energie &#8211; Solaire &#8211; Eau &#8211; Chauffage Services, installation et expertise pour vos v\u00e9hicules de voyage, camion d&rsquo;exp\u00e9dition, 4&#215;4 de raid, van am\u00e9nag\u00e9, camping-car, bateau&#8230; Et aussi pour les v\u00e9hicules professionnels comme les foodtrucks, camions atelier pour \u00eatre ind\u00e9pendant sur site ! Nouveau: assistance et d\u00e9pannage 24h\/24 et 7j\/7 Nous contacter van life Vous construisez [&hellip;]\" \/>\n<meta property=\"og:url\" content=\"https:\/\/www.autonomade.fr\/index.php\/vehicules\/\" \/>\n<meta property=\"og:site_name\" content=\"Autonomade\" \/>\n<meta property=\"article:modified_time\" content=\"2025-11-21T10:04:59+00:00\" \/>\n<meta property=\"og:image\" content=\"https:\/\/www.autonomade.fr\/wp-content\/uploads\/elementor\/thumbs\/woman-wearing-black-spaghetti-strap-top-sitting-viewing-body-of-water-stockpack-unsplash-re5rzf1ipopo6khz7xbd1zvx6vp1r4o312x4awviq0.jpg\" \/>\n<meta name=\"twitter:card\" content=\"summary_large_image\" \/>\n<meta name=\"twitter:label1\" content=\"Dur\u00e9e de lecture estim\u00e9e\" \/>\n\t<meta name=\"twitter:data1\" content=\"1 minute\" \/>\n<script type=\"application\/ld+json\" class=\"yoast-schema-graph\">{\"@context\":\"https:\/\/schema.org\",\"@graph\":[{\"@type\":\"WebPage\",\"@id\":\"https:\/\/www.autonomade.fr\/index.php\/vehicules\/\",\"url\":\"https:\/\/www.autonomade.fr\/index.php\/vehicules\/\",\"name\":\"V\u00e9hicules - Autonomade\",\"isPartOf\":{\"@id\":\"https:\/\/www.autonomade.fr\/#website\"},\"primaryImageOfPage\":{\"@id\":\"https:\/\/www.autonomade.fr\/index.php\/vehicules\/#primaryimage\"},\"image\":{\"@id\":\"https:\/\/www.autonomade.fr\/index.php\/vehicules\/#primaryimage\"},\"thumbnailUrl\":\"https:\/\/www.autonomade.fr\/wp-content\/uploads\/elementor\/thumbs\/woman-wearing-black-spaghetti-strap-top-sitting-viewing-body-of-water-stockpack-unsplash-re5rzf1ipopo6khz7xbd1zvx6vp1r4o312x4awviq0.jpg\",\"datePublished\":\"2025-10-31T15:17:32+00:00\",\"dateModified\":\"2025-11-21T10:04:59+00:00\",\"breadcrumb\":{\"@id\":\"https:\/\/www.autonomade.fr\/index.php\/vehicules\/#breadcrumb\"},\"inLanguage\":\"fr-FR\",\"potentialAction\":[{\"@type\":\"ReadAction\",\"target\":[\"https:\/\/www.autonomade.fr\/index.php\/vehicules\/\"]}]},{\"@type\":\"ImageObject\",\"inLanguage\":\"fr-FR\",\"@id\":\"https:\/\/www.autonomade.fr\/index.php\/vehicules\/#primaryimage\",\"url\":\"https:\/\/www.autonomade.fr\/wp-content\/uploads\/elementor\/thumbs\/woman-wearing-black-spaghetti-strap-top-sitting-viewing-body-of-water-stockpack-unsplash-re5rzf1ipopo6khz7xbd1zvx6vp1r4o312x4awviq0.jpg\",\"contentUrl\":\"https:\/\/www.autonomade.fr\/wp-content\/uploads\/elementor\/thumbs\/woman-wearing-black-spaghetti-strap-top-sitting-viewing-body-of-water-stockpack-unsplash-re5rzf1ipopo6khz7xbd1zvx6vp1r4o312x4awviq0.jpg\"},{\"@type\":\"BreadcrumbList\",\"@id\":\"https:\/\/www.autonomade.fr\/index.php\/vehicules\/#breadcrumb\",\"itemListElement\":[{\"@type\":\"ListItem\",\"position\":1,\"name\":\"Home\",\"item\":\"https:\/\/www.autonomade.fr\/\"},{\"@type\":\"ListItem\",\"position\":2,\"name\":\"V\u00e9hicules\"}]},{\"@type\":\"WebSite\",\"@id\":\"https:\/\/www.autonomade.fr\/#website\",\"url\":\"https:\/\/www.autonomade.fr\/\",\"name\":\"Autonomade\",\"description\":\"\",\"publisher\":{\"@id\":\"https:\/\/www.autonomade.fr\/#organization\"},\"potentialAction\":[{\"@type\":\"SearchAction\",\"target\":{\"@type\":\"EntryPoint\",\"urlTemplate\":\"https:\/\/www.autonomade.fr\/?s={search_term_string}\"},\"query-input\":{\"@type\":\"PropertyValueSpecification\",\"valueRequired\":true,\"valueName\":\"search_term_string\"}}],\"inLanguage\":\"fr-FR\"},{\"@type\":\"Organization\",\"@id\":\"https:\/\/www.autonomade.fr\/#organization\",\"name\":\"Autonomade\",\"url\":\"https:\/\/www.autonomade.fr\/\",\"logo\":{\"@type\":\"ImageObject\",\"inLanguage\":\"fr-FR\",\"@id\":\"https:\/\/www.autonomade.fr\/#\/schema\/logo\/image\/\",\"url\":\"https:\/\/www.autonomade.fr\/wp-content\/uploads\/2025\/10\/logoAutoNomade.png\",\"contentUrl\":\"https:\/\/www.autonomade.fr\/wp-content\/uploads\/2025\/10\/logoAutoNomade.png\",\"width\":509,\"height\":112,\"caption\":\"Autonomade\"},\"image\":{\"@id\":\"https:\/\/www.autonomade.fr\/#\/schema\/logo\/image\/\"},\"sameAs\":[\"https:\/\/www.instagram.com\/autonomade.fr\/\"]}]}<\/script>\n<!-- \/ Yoast SEO plugin. -->","yoast_head_json":{"title":"V\u00e9hicules - Autonomade","robots":{"index":"index","follow":"follow","max-snippet":"max-snippet:-1","max-image-preview":"max-image-preview:large","max-video-preview":"max-video-preview:-1"},"canonical":"https:\/\/www.autonomade.fr\/index.php\/vehicules\/","og_locale":"fr_FR","og_type":"article","og_title":"V\u00e9hicules - Autonomade","og_description":"Energie &#8211; Solaire &#8211; Eau &#8211; Chauffage Services, installation et expertise pour vos v\u00e9hicules de voyage, camion d&rsquo;exp\u00e9dition, 4&#215;4 de raid, van am\u00e9nag\u00e9, camping-car, bateau&#8230; Et aussi pour les v\u00e9hicules professionnels comme les foodtrucks, camions atelier pour \u00eatre ind\u00e9pendant sur site ! Nouveau: assistance et d\u00e9pannage 24h\/24 et 7j\/7 Nous contacter van life Vous construisez [&hellip;]","og_url":"https:\/\/www.autonomade.fr\/index.php\/vehicules\/","og_site_name":"Autonomade","article_modified_time":"2025-11-21T10:04:59+00:00","og_image":[{"url":"https:\/\/www.autonomade.fr\/wp-content\/uploads\/elementor\/thumbs\/woman-wearing-black-spaghetti-strap-top-sitting-viewing-body-of-water-stockpack-unsplash-re5rzf1ipopo6khz7xbd1zvx6vp1r4o312x4awviq0.jpg","type":"","width":"","height":""}],"twitter_card":"summary_large_image","twitter_misc":{"Dur\u00e9e de lecture estim\u00e9e":"1 minute"},"schema":{"@context":"https:\/\/schema.org","@graph":[{"@type":"WebPage","@id":"https:\/\/www.autonomade.fr\/index.php\/vehicules\/","url":"https:\/\/www.autonomade.fr\/index.php\/vehicules\/","name":"V\u00e9hicules - Autonomade","isPartOf":{"@id":"https:\/\/www.autonomade.fr\/#website"},"primaryImageOfPage":{"@id":"https:\/\/www.autonomade.fr\/index.php\/vehicules\/#primaryimage"},"image":{"@id":"https:\/\/www.autonomade.fr\/index.php\/vehicules\/#primaryimage"},"thumbnailUrl":"https:\/\/www.autonomade.fr\/wp-content\/uploads\/elementor\/thumbs\/woman-wearing-black-spaghetti-strap-top-sitting-viewing-body-of-water-stockpack-unsplash-re5rzf1ipopo6khz7xbd1zvx6vp1r4o312x4awviq0.jpg","datePublished":"2025-10-31T15:17:32+00:00","dateModified":"2025-11-21T10:04:59+00:00","breadcrumb":{"@id":"https:\/\/www.autonomade.fr\/index.php\/vehicules\/#breadcrumb"},"inLanguage":"fr-FR","potentialAction":[{"@type":"ReadAction","target":["https:\/\/www.autonomade.fr\/index.php\/vehicules\/"]}]},{"@type":"ImageObject","inLanguage":"fr-FR","@id":"https:\/\/www.autonomade.fr\/index.php\/vehicules\/#primaryimage","url":"https:\/\/www.autonomade.fr\/wp-content\/uploads\/elementor\/thumbs\/woman-wearing-black-spaghetti-strap-top-sitting-viewing-body-of-water-stockpack-unsplash-re5rzf1ipopo6khz7xbd1zvx6vp1r4o312x4awviq0.jpg","contentUrl":"https:\/\/www.autonomade.fr\/wp-content\/uploads\/elementor\/thumbs\/woman-wearing-black-spaghetti-strap-top-sitting-viewing-body-of-water-stockpack-unsplash-re5rzf1ipopo6khz7xbd1zvx6vp1r4o312x4awviq0.jpg"},{"@type":"BreadcrumbList","@id":"https:\/\/www.autonomade.fr\/index.php\/vehicules\/#breadcrumb","itemListElement":[{"@type":"ListItem","position":1,"name":"Home","item":"https:\/\/www.autonomade.fr\/"},{"@type":"ListItem","position":2,"name":"V\u00e9hicules"}]},{"@type":"WebSite","@id":"https:\/\/www.autonomade.fr\/#website","url":"https:\/\/www.autonomade.fr\/","name":"Autonomade","description":"","publisher":{"@id":"https:\/\/www.autonomade.fr\/#organization"},"potentialAction":[{"@type":"SearchAction","target":{"@type":"EntryPoint","urlTemplate":"https:\/\/www.autonomade.fr\/?s={search_term_string}"},"query-input":{"@type":"PropertyValueSpecification","valueRequired":true,"valueName":"search_term_string"}}],"inLanguage":"fr-FR"},{"@type":"Organization","@id":"https:\/\/www.autonomade.fr\/#organization","name":"Autonomade","url":"https:\/\/www.autonomade.fr\/","logo":{"@type":"ImageObject","inLanguage":"fr-FR","@id":"https:\/\/www.autonomade.fr\/#\/schema\/logo\/image\/","url":"https:\/\/www.autonomade.fr\/wp-content\/uploads\/2025\/10\/logoAutoNomade.png","contentUrl":"https:\/\/www.autonomade.fr\/wp-content\/uploads\/2025\/10\/logoAutoNomade.png","width":509,"height":112,"caption":"Autonomade"},"image":{"@id":"https:\/\/www.autonomade.fr\/#\/schema\/logo\/image\/"},"sameAs":["https:\/\/www.instagram.com\/autonomade.fr\/"]}]}},"_links":{"self":[{"href":"https:\/\/www.autonomade.fr\/index.php\/wp-json\/wp\/v2\/pages\/31","targetHints":{"allow":["GET"]}}],"collection":[{"href":"https:\/\/www.autonomade.fr\/index.php\/wp-json\/wp\/v2\/pages"}],"about":[{"href":"https:\/\/www.autonomade.fr\/index.php\/wp-json\/wp\/v2\/types\/page"}],"author":[{"embeddable":true,"href":"https:\/\/www.autonomade.fr\/index.php\/wp-json\/wp\/v2\/users\/1"}],"replies":[{"embeddable":true,"href":"https:\/\/www.autonomade.fr\/index.php\/wp-json\/wp\/v2\/comments?post=31"}],"version-history":[{"count":73,"href":"https:\/\/www.autonomade.fr\/index.php\/wp-json\/wp\/v2\/pages\/31\/revisions"}],"predecessor-version":[{"id":1011,"href":"https:\/\/www.autonomade.fr\/index.php\/wp-json\/wp\/v2\/pages\/31\/revisions\/1011"}],"wp:attachment":[{"href":"https:\/\/www.autonomade.fr\/index.php\/wp-json\/wp\/v2\/media?parent=31"}],"curies":[{"name":"wp","href":"https:\/\/api.w.org\/{rel}","templated":true}]}}