{"id":315,"date":"2025-11-01T15:43:54","date_gmt":"2025-11-01T14:43:54","guid":{"rendered":"http:\/\/vps-c83c33c3.vps.ovh.net\/?page_id=315"},"modified":"2025-11-05T21:37:43","modified_gmt":"2025-11-05T20:37:43","slug":"habitat-autonome","status":"publish","type":"page","link":"https:\/\/www.autonomade.fr\/index.php\/habitat-autonome\/","title":{"rendered":"habitat autonome"},"content":{"rendered":"\t\t<div data-elementor-type=\"wp-page\" data-elementor-id=\"315\" class=\"elementor elementor-315\">\n\t\t\t\t<div class=\"aux-parallax-section elementor-element elementor-element-5ac19ea2 e-flex e-con-boxed e-con e-parent\" data-id=\"5ac19ea2\" data-element_type=\"container\" data-settings=\"{&quot;background_background&quot;:&quot;classic&quot;}\">\n\t\t\t\t\t<div class=\"e-con-inner\">\n\t\t\t\t<div class=\"elementor-element elementor-element-708ab8e2 elementor-invisible elementor-widget elementor-widget-heading\" data-id=\"708ab8e2\" data-element_type=\"widget\" data-settings=\"{&quot;_animation&quot;:&quot;fadeIn&quot;}\" data-widget_type=\"heading.default\">\n\t\t\t\t\t<h1 class=\"elementor-heading-title elementor-size-default\">Energie - Solaire - Eau - Chauffage<\/h1>\t\t\t\t<\/div>\n\t\t\t\t<div class=\"elementor-element elementor-element-21016b66 elementor-widget elementor-widget-text-editor\" data-id=\"21016b66\" data-element_type=\"widget\" data-widget_type=\"text-editor.default\">\n\t\t\t\t\t\t\t\t\t<p>Services, installation et expertise pour votre habitation autonome non connect\u00e9 au r\u00e9seau. Electricit\u00e9, eau sanitaire et potable, pompage.<\/p><p>Yourte, tiny house, containers, caravane, abris de jardin, cabane&#8230;<\/p>\t\t\t\t\t\t\t\t<\/div>\n\t\t\t\t<div class=\"elementor-element elementor-element-5ce7ef78 elementor-align-center elementor-invisible elementor-widget elementor-widget-button\" data-id=\"5ce7ef78\" data-element_type=\"widget\" data-settings=\"{&quot;_animation&quot;:&quot;fadeIn&quot;,&quot;_animation_delay&quot;:400}\" data-widget_type=\"button.default\">\n\t\t\t\t\t\t\t\t\t\t<a class=\"elementor-button elementor-button-link elementor-size-sm\" href=\"\/index.php\/contact\/\" id=\"contact_id1\">\n\t\t\t\t\t\t<span class=\"elementor-button-content-wrapper\">\n\t\t\t\t\t\t<span class=\"elementor-button-icon\">\n\t\t\t\t<i aria-hidden=\"true\" class=\"auxicon auxicon-ios-telephone-outline\"><\/i>\t\t\t<\/span>\n\t\t\t\t\t\t\t\t\t<span class=\"elementor-button-text\">Nous contacter<\/span>\n\t\t\t\t\t<\/span>\n\t\t\t\t\t<\/a>\n\t\t\t\t\t\t\t\t<\/div>\n\t\t\t\t\t<\/div>\n\t\t\t\t<\/div>\n\t\t<div class=\"aux-parallax-section elementor-element elementor-element-5c9d0fc0 e-flex e-con-boxed e-con e-parent\" data-id=\"5c9d0fc0\" data-element_type=\"container\">\n\t\t\t\t\t<div class=\"e-con-inner\">\n\t\t<div class=\"elementor-element elementor-element-a89965f e-con-full e-grid e-con e-child\" data-id=\"a89965f\" data-element_type=\"container\">\n\t\t<div class=\"elementor-element elementor-element-2c37e061 e-con-full e-flex e-con e-child\" data-id=\"2c37e061\" data-element_type=\"container\">\n\t\t\t\t<div class=\"elementor-element elementor-element-2774d179 elementor-widget elementor-widget-heading\" data-id=\"2774d179\" data-element_type=\"widget\" data-widget_type=\"heading.default\">\n\t\t\t\t\t<h2 class=\"elementor-heading-title elementor-size-default\">Habitation autonome<\/h2>\t\t\t\t<\/div>\n\t\t\t\t<div class=\"elementor-element elementor-element-261e4e5c elementor-widget elementor-widget-image\" data-id=\"261e4e5c\" data-element_type=\"widget\" data-widget_type=\"image.default\">\n\t\t\t\t\t\t\t\t\t\t\t\t\t\t\t<img decoding=\"async\" src=\"https:\/\/www.autonomade.fr\/wp-content\/uploads\/elementor\/thumbs\/0686638-re0ta27uopxlq1b3i2l2gfjq5sw14qov6x9rr3odc8.jpg\" title=\"0686638\" alt=\"0686638\" class=\"elementor-animation-grow\" loading=\"lazy\" \/>\t\t\t\t\t\t\t\t\t\t\t\t\t\t\t<\/div>\n\t\t\t\t<div class=\"elementor-element elementor-element-410cd873 elementor-widget elementor-widget-text-editor\" data-id=\"410cd873\" data-element_type=\"widget\" data-widget_type=\"text-editor.default\">\n\t\t\t\t\t\t\t\t\t<p>Pour allier autonomie, confort et style de vie, rendez votre yourte \/ tinyhouse \/ caravanne \/ container autonome !<\/p>\t\t\t\t\t\t\t\t<\/div>\n\t\t\t\t<\/div>\n\t\t<div class=\"elementor-element elementor-element-27b87924 e-con-full e-flex e-con e-child\" data-id=\"27b87924\" data-element_type=\"container\">\n\t\t\t\t<div class=\"elementor-element elementor-element-77bf0ea0 elementor-widget elementor-widget-heading\" data-id=\"77bf0ea0\" data-element_type=\"widget\" data-widget_type=\"heading.default\">\n\t\t\t\t\t<h2 class=\"elementor-heading-title elementor-size-default\">generateur solaire<\/h2>\t\t\t\t<\/div>\n\t\t\t\t<div class=\"elementor-element elementor-element-212a8110 elementor-widget elementor-widget-image\" data-id=\"212a8110\" data-element_type=\"widget\" data-widget_type=\"image.default\">\n\t\t\t\t\t\t\t\t\t\t\t\t\t\t\t<img decoding=\"async\" src=\"https:\/\/www.autonomade.fr\/wp-content\/uploads\/elementor\/thumbs\/generateur_solaire_1760965140-re2jhxqki85jufri79qd47ge6cttfcuaha1f6ala4o.webp\" title=\"generateur_solaire_1760965140\" alt=\"generateur_solaire_1760965140\" class=\"elementor-animation-grow\" loading=\"lazy\" \/>\t\t\t\t\t\t\t\t\t\t\t\t\t\t\t<\/div>\n\t\t\t\t<div class=\"elementor-element elementor-element-76be862d elementor-widget elementor-widget-text-editor\" data-id=\"76be862d\" data-element_type=\"widget\" data-widget_type=\"text-editor.default\">\n\t\t\t\t\t\t\t\t\t<p>Solutions adapt\u00e9es \u00e0 vos besoins sp\u00e9cifiques en autonomie \u00e9nerg\u00e9tique. Il inclut la conception et l\u2019assemblage de syst\u00e8mes solaires personnalis\u00e9s, int\u00e9grant panneaux solaires, batteries et r\u00e9gulateurs, pour alimenter vos habitats alternatifs ou installations nomades<\/p>\t\t\t\t\t\t\t\t<\/div>\n\t\t\t\t<\/div>\n\t\t\t\t<\/div>\n\t\t\t\t\t<\/div>\n\t\t\t\t<\/div>\n\t\t\t\t<\/div>\n\t\t","protected":false},"excerpt":{"rendered":"<p>Energie &#8211; Solaire &#8211; Eau &#8211; Chauffage Services, installation et expertise pour votre habitation autonome non connect\u00e9 au r\u00e9seau. Electricit\u00e9, eau sanitaire et potable, pompage. Yourte, tiny house, containers, caravane, abris de jardin, cabane&#8230; Nous contacter Habitation autonome Pour allier autonomie, confort et style de vie, rendez votre yourte \/ tinyhouse \/ caravanne \/ container [&hellip;]<\/p>\n","protected":false},"author":1,"featured_media":0,"parent":0,"menu_order":1,"comment_status":"closed","ping_status":"closed","template":"","meta":{"footnotes":""},"class_list":["post-315","page","type-page","status-publish","hentry"],"yoast_head":"<!-- This site is optimized with the Yoast SEO plugin v26.7 - https:\/\/yoast.com\/wordpress\/plugins\/seo\/ -->\n<title>habitat autonome - Autonomade<\/title>\n<meta name=\"robots\" content=\"index, follow, max-snippet:-1, max-image-preview:large, max-video-preview:-1\" \/>\n<link rel=\"canonical\" href=\"https:\/\/www.autonomade.fr\/index.php\/habitat-autonome\/\" \/>\n<meta property=\"og:locale\" content=\"fr_FR\" \/>\n<meta property=\"og:type\" content=\"article\" \/>\n<meta property=\"og:title\" content=\"habitat autonome - Autonomade\" \/>\n<meta property=\"og:description\" content=\"Energie &#8211; Solaire &#8211; Eau &#8211; Chauffage Services, installation et expertise pour votre habitation autonome non connect\u00e9 au r\u00e9seau. Electricit\u00e9, eau sanitaire et potable, pompage. Yourte, tiny house, containers, caravane, abris de jardin, cabane&#8230; Nous contacter Habitation autonome Pour allier autonomie, confort et style de vie, rendez votre yourte \/ tinyhouse \/ caravanne \/ container [&hellip;]\" \/>\n<meta property=\"og:url\" content=\"https:\/\/www.autonomade.fr\/index.php\/habitat-autonome\/\" \/>\n<meta property=\"og:site_name\" content=\"Autonomade\" \/>\n<meta property=\"article:modified_time\" content=\"2025-11-05T20:37:43+00:00\" \/>\n<meta property=\"og:image\" content=\"https:\/\/www.autonomade.fr\/wp-content\/uploads\/elementor\/thumbs\/0686638-re0ta27uopxlq1b3i2l2gfjq5sw14qov6x9rr3odc8.jpg\" \/>\n<meta name=\"twitter:card\" content=\"summary_large_image\" \/>\n<script type=\"application\/ld+json\" class=\"yoast-schema-graph\">{\"@context\":\"https:\/\/schema.org\",\"@graph\":[{\"@type\":\"WebPage\",\"@id\":\"https:\/\/www.autonomade.fr\/index.php\/habitat-autonome\/\",\"url\":\"https:\/\/www.autonomade.fr\/index.php\/habitat-autonome\/\",\"name\":\"habitat autonome - Autonomade\",\"isPartOf\":{\"@id\":\"https:\/\/www.autonomade.fr\/#website\"},\"primaryImageOfPage\":{\"@id\":\"https:\/\/www.autonomade.fr\/index.php\/habitat-autonome\/#primaryimage\"},\"image\":{\"@id\":\"https:\/\/www.autonomade.fr\/index.php\/habitat-autonome\/#primaryimage\"},\"thumbnailUrl\":\"https:\/\/www.autonomade.fr\/wp-content\/uploads\/elementor\/thumbs\/0686638-re0ta27uopxlq1b3i2l2gfjq5sw14qov6x9rr3odc8.jpg\",\"datePublished\":\"2025-11-01T14:43:54+00:00\",\"dateModified\":\"2025-11-05T20:37:43+00:00\",\"breadcrumb\":{\"@id\":\"https:\/\/www.autonomade.fr\/index.php\/habitat-autonome\/#breadcrumb\"},\"inLanguage\":\"fr-FR\",\"potentialAction\":[{\"@type\":\"ReadAction\",\"target\":[\"https:\/\/www.autonomade.fr\/index.php\/habitat-autonome\/\"]}]},{\"@type\":\"ImageObject\",\"inLanguage\":\"fr-FR\",\"@id\":\"https:\/\/www.autonomade.fr\/index.php\/habitat-autonome\/#primaryimage\",\"url\":\"https:\/\/www.autonomade.fr\/wp-content\/uploads\/elementor\/thumbs\/0686638-re0ta27uopxlq1b3i2l2gfjq5sw14qov6x9rr3odc8.jpg\",\"contentUrl\":\"https:\/\/www.autonomade.fr\/wp-content\/uploads\/elementor\/thumbs\/0686638-re0ta27uopxlq1b3i2l2gfjq5sw14qov6x9rr3odc8.jpg\"},{\"@type\":\"BreadcrumbList\",\"@id\":\"https:\/\/www.autonomade.fr\/index.php\/habitat-autonome\/#breadcrumb\",\"itemListElement\":[{\"@type\":\"ListItem\",\"position\":1,\"name\":\"Home\",\"item\":\"https:\/\/www.autonomade.fr\/\"},{\"@type\":\"ListItem\",\"position\":2,\"name\":\"habitat autonome\"}]},{\"@type\":\"WebSite\",\"@id\":\"https:\/\/www.autonomade.fr\/#website\",\"url\":\"https:\/\/www.autonomade.fr\/\",\"name\":\"Autonomade\",\"description\":\"\",\"publisher\":{\"@id\":\"https:\/\/www.autonomade.fr\/#organization\"},\"potentialAction\":[{\"@type\":\"SearchAction\",\"target\":{\"@type\":\"EntryPoint\",\"urlTemplate\":\"https:\/\/www.autonomade.fr\/?s={search_term_string}\"},\"query-input\":{\"@type\":\"PropertyValueSpecification\",\"valueRequired\":true,\"valueName\":\"search_term_string\"}}],\"inLanguage\":\"fr-FR\"},{\"@type\":\"Organization\",\"@id\":\"https:\/\/www.autonomade.fr\/#organization\",\"name\":\"Autonomade\",\"url\":\"https:\/\/www.autonomade.fr\/\",\"logo\":{\"@type\":\"ImageObject\",\"inLanguage\":\"fr-FR\",\"@id\":\"https:\/\/www.autonomade.fr\/#\/schema\/logo\/image\/\",\"url\":\"https:\/\/www.autonomade.fr\/wp-content\/uploads\/2025\/10\/logoAutoNomade.png\",\"contentUrl\":\"https:\/\/www.autonomade.fr\/wp-content\/uploads\/2025\/10\/logoAutoNomade.png\",\"width\":509,\"height\":112,\"caption\":\"Autonomade\"},\"image\":{\"@id\":\"https:\/\/www.autonomade.fr\/#\/schema\/logo\/image\/\"},\"sameAs\":[\"https:\/\/www.instagram.com\/autonomade.fr\/\"]}]}<\/script>\n<!-- \/ Yoast SEO plugin. -->","yoast_head_json":{"title":"habitat autonome - Autonomade","robots":{"index":"index","follow":"follow","max-snippet":"max-snippet:-1","max-image-preview":"max-image-preview:large","max-video-preview":"max-video-preview:-1"},"canonical":"https:\/\/www.autonomade.fr\/index.php\/habitat-autonome\/","og_locale":"fr_FR","og_type":"article","og_title":"habitat autonome - Autonomade","og_description":"Energie &#8211; Solaire &#8211; Eau &#8211; Chauffage Services, installation et expertise pour votre habitation autonome non connect\u00e9 au r\u00e9seau. Electricit\u00e9, eau sanitaire et potable, pompage. Yourte, tiny house, containers, caravane, abris de jardin, cabane&#8230; Nous contacter Habitation autonome Pour allier autonomie, confort et style de vie, rendez votre yourte \/ tinyhouse \/ caravanne \/ container [&hellip;]","og_url":"https:\/\/www.autonomade.fr\/index.php\/habitat-autonome\/","og_site_name":"Autonomade","article_modified_time":"2025-11-05T20:37:43+00:00","og_image":[{"url":"https:\/\/www.autonomade.fr\/wp-content\/uploads\/elementor\/thumbs\/0686638-re0ta27uopxlq1b3i2l2gfjq5sw14qov6x9rr3odc8.jpg","type":"","width":"","height":""}],"twitter_card":"summary_large_image","schema":{"@context":"https:\/\/schema.org","@graph":[{"@type":"WebPage","@id":"https:\/\/www.autonomade.fr\/index.php\/habitat-autonome\/","url":"https:\/\/www.autonomade.fr\/index.php\/habitat-autonome\/","name":"habitat autonome - Autonomade","isPartOf":{"@id":"https:\/\/www.autonomade.fr\/#website"},"primaryImageOfPage":{"@id":"https:\/\/www.autonomade.fr\/index.php\/habitat-autonome\/#primaryimage"},"image":{"@id":"https:\/\/www.autonomade.fr\/index.php\/habitat-autonome\/#primaryimage"},"thumbnailUrl":"https:\/\/www.autonomade.fr\/wp-content\/uploads\/elementor\/thumbs\/0686638-re0ta27uopxlq1b3i2l2gfjq5sw14qov6x9rr3odc8.jpg","datePublished":"2025-11-01T14:43:54+00:00","dateModified":"2025-11-05T20:37:43+00:00","breadcrumb":{"@id":"https:\/\/www.autonomade.fr\/index.php\/habitat-autonome\/#breadcrumb"},"inLanguage":"fr-FR","potentialAction":[{"@type":"ReadAction","target":["https:\/\/www.autonomade.fr\/index.php\/habitat-autonome\/"]}]},{"@type":"ImageObject","inLanguage":"fr-FR","@id":"https:\/\/www.autonomade.fr\/index.php\/habitat-autonome\/#primaryimage","url":"https:\/\/www.autonomade.fr\/wp-content\/uploads\/elementor\/thumbs\/0686638-re0ta27uopxlq1b3i2l2gfjq5sw14qov6x9rr3odc8.jpg","contentUrl":"https:\/\/www.autonomade.fr\/wp-content\/uploads\/elementor\/thumbs\/0686638-re0ta27uopxlq1b3i2l2gfjq5sw14qov6x9rr3odc8.jpg"},{"@type":"BreadcrumbList","@id":"https:\/\/www.autonomade.fr\/index.php\/habitat-autonome\/#breadcrumb","itemListElement":[{"@type":"ListItem","position":1,"name":"Home","item":"https:\/\/www.autonomade.fr\/"},{"@type":"ListItem","position":2,"name":"habitat autonome"}]},{"@type":"WebSite","@id":"https:\/\/www.autonomade.fr\/#website","url":"https:\/\/www.autonomade.fr\/","name":"Autonomade","description":"","publisher":{"@id":"https:\/\/www.autonomade.fr\/#organization"},"potentialAction":[{"@type":"SearchAction","target":{"@type":"EntryPoint","urlTemplate":"https:\/\/www.autonomade.fr\/?s={search_term_string}"},"query-input":{"@type":"PropertyValueSpecification","valueRequired":true,"valueName":"search_term_string"}}],"inLanguage":"fr-FR"},{"@type":"Organization","@id":"https:\/\/www.autonomade.fr\/#organization","name":"Autonomade","url":"https:\/\/www.autonomade.fr\/","logo":{"@type":"ImageObject","inLanguage":"fr-FR","@id":"https:\/\/www.autonomade.fr\/#\/schema\/logo\/image\/","url":"https:\/\/www.autonomade.fr\/wp-content\/uploads\/2025\/10\/logoAutoNomade.png","contentUrl":"https:\/\/www.autonomade.fr\/wp-content\/uploads\/2025\/10\/logoAutoNomade.png","width":509,"height":112,"caption":"Autonomade"},"image":{"@id":"https:\/\/www.autonomade.fr\/#\/schema\/logo\/image\/"},"sameAs":["https:\/\/www.instagram.com\/autonomade.fr\/"]}]}},"_links":{"self":[{"href":"https:\/\/www.autonomade.fr\/index.php\/wp-json\/wp\/v2\/pages\/315","targetHints":{"allow":["GET"]}}],"collection":[{"href":"https:\/\/www.autonomade.fr\/index.php\/wp-json\/wp\/v2\/pages"}],"about":[{"href":"https:\/\/www.autonomade.fr\/index.php\/wp-json\/wp\/v2\/types\/page"}],"author":[{"embeddable":true,"href":"https:\/\/www.autonomade.fr\/index.php\/wp-json\/wp\/v2\/users\/1"}],"replies":[{"embeddable":true,"href":"https:\/\/www.autonomade.fr\/index.php\/wp-json\/wp\/v2\/comments?post=315"}],"version-history":[{"count":34,"href":"https:\/\/www.autonomade.fr\/index.php\/wp-json\/wp\/v2\/pages\/315\/revisions"}],"predecessor-version":[{"id":763,"href":"https:\/\/www.autonomade.fr\/index.php\/wp-json\/wp\/v2\/pages\/315\/revisions\/763"}],"wp:attachment":[{"href":"https:\/\/www.autonomade.fr\/index.php\/wp-json\/wp\/v2\/media?parent=315"}],"curies":[{"name":"wp","href":"https:\/\/api.w.org\/{rel}","templated":true}]}}