{"id":33,"date":"2025-10-31T16:17:32","date_gmt":"2025-10-31T15:17:32","guid":{"rendered":"http:\/\/vps-c83c33c3.vps.ovh.net\/?page_id=33"},"modified":"2025-12-03T19:18:11","modified_gmt":"2025-12-03T18:18:11","slug":"contact","status":"publish","type":"page","link":"https:\/\/www.autonomade.fr\/index.php\/contact\/","title":{"rendered":"Contact"},"content":{"rendered":"\t\t<div data-elementor-type=\"wp-page\" data-elementor-id=\"33\" class=\"elementor elementor-33\">\n\t\t\t\t<div class=\"aux-parallax-section elementor-element elementor-element-fa77687 e-con-full e-flex e-con e-parent\" data-id=\"fa77687\" data-element_type=\"container\">\n\t\t<div class=\"elementor-element elementor-element-c79f323 e-con-full e-flex e-con e-child\" data-id=\"c79f323\" data-element_type=\"container\">\n\t\t\t\t<div class=\"elementor-element elementor-element-5b08ecc elementor-widget elementor-widget-text-editor\" data-id=\"5b08ecc\" data-element_type=\"widget\" data-widget_type=\"text-editor.default\">\n\t\t\t\t\t\t\t\t\t<div class=\"w-cell row\" data-v-6bcfc41e=\"\" data-v-6bda7270=\"\" data-v-45d0b848=\"\" data-v-614c05a6=\"\"><div class=\"w-wrapper\" data-v-ab1ca44a=\"\" data-v-45d0b848=\"\" data-v-6bcfc41e=\"\"><div class=\"text-component \ud83d\udcda19-10-1uGevg \ud83d\udcda19-10-1NNp1l w-text--rendered\" data-v-13004c05=\"\" data-v-df07630a=\"\" data-v-45d0b848=\"\" data-v-ab1ca44a=\"\"><h2>Nous contacter<\/h2><p><strong>Contactez-nous et dites-nous comment nous pouvons vous aider.<\/strong><\/p><p><strong>Remplissez le formulaire ci-dessous ou \u00e9crivez nous \u00e0 :<\/strong><\/p><p><a href=\"mailto:info@autonomade.fr\">info@autonomade.fr<\/a><\/p><p><strong>T\u00e9l\u00e9phone: +33 621 471 153 (06 21 47 11 53)<\/strong><\/p><\/div><\/div><\/div>\t\t\t\t\t\t\t\t<\/div>\n\t\t\t\t<\/div>\n\t\t<div class=\"elementor-element elementor-element-afbc879 e-con-full e-flex e-con e-child\" data-id=\"afbc879\" data-element_type=\"container\">\n\t\t\t\t<div class=\"elementor-element elementor-element-1d2fd76 elementor-widget elementor-widget-aux_contact_form\" data-id=\"1d2fd76\" data-element_type=\"widget\" data-widget_type=\"aux_contact_form.default\">\n\t\t\t\t\t<section class=\"widget-container aux-widget-contact-form aux-parent-au29295cd1\">            <div class=\"aux-col-wrapper aux-no-gutter\">\n            <!-- @TODO - The output for element here -->\n\n            \n<div class=\"wpcf7 no-js\" id=\"wpcf7-f1202-o1\" lang=\"fr-FR\" dir=\"ltr\" data-wpcf7-id=\"1202\">\n<div class=\"screen-reader-response\"><p role=\"status\" aria-live=\"polite\" aria-atomic=\"true\"><\/p> <ul><\/ul><\/div>\n<form action=\"\/index.php\/wp-json\/wp\/v2\/pages\/33#wpcf7-f1202-o1\" method=\"post\" class=\"wpcf7-form init\" aria-label=\"Formulaire de contact\" novalidate=\"novalidate\" data-status=\"init\">\n<fieldset class=\"hidden-fields-container\"><input type=\"hidden\" name=\"_wpcf7\" value=\"1202\" \/><input type=\"hidden\" name=\"_wpcf7_version\" value=\"6.1.4\" \/><input type=\"hidden\" name=\"_wpcf7_locale\" value=\"fr_FR\" \/><input type=\"hidden\" name=\"_wpcf7_unit_tag\" value=\"wpcf7-f1202-o1\" \/><input type=\"hidden\" name=\"_wpcf7_container_post\" value=\"0\" \/><input type=\"hidden\" name=\"_wpcf7_posted_data_hash\" value=\"\" \/>\n<\/fieldset>\n<p><label> Votre nom<br \/>\n<span class=\"wpcf7-form-control-wrap\" data-name=\"your-name\"><input size=\"40\" maxlength=\"400\" class=\"wpcf7-form-control wpcf7-text wpcf7-validates-as-required\" autocomplete=\"name\" aria-required=\"true\" aria-invalid=\"false\" value=\"\" type=\"text\" name=\"your-name\" \/><\/span> <\/label>\n<\/p>\n<p><label> Votre e-mail<br \/>\n<span class=\"wpcf7-form-control-wrap\" data-name=\"your-email\"><input size=\"40\" maxlength=\"400\" class=\"wpcf7-form-control wpcf7-email wpcf7-validates-as-required wpcf7-text wpcf7-validates-as-email\" autocomplete=\"email\" aria-required=\"true\" aria-invalid=\"false\" value=\"\" type=\"email\" name=\"your-email\" \/><\/span> <\/label>\n<\/p>\n<p><label> Objet<br \/>\n<span class=\"wpcf7-form-control-wrap\" data-name=\"your-subject\"><input size=\"40\" maxlength=\"400\" class=\"wpcf7-form-control wpcf7-text wpcf7-validates-as-required\" aria-required=\"true\" aria-invalid=\"false\" value=\"\" type=\"text\" name=\"your-subject\" \/><\/span> <\/label>\n<\/p>\n<p><label> Votre message (facultatif)<br \/>\n<span class=\"wpcf7-form-control-wrap\" data-name=\"your-message\"><textarea cols=\"40\" rows=\"10\" maxlength=\"2000\" class=\"wpcf7-form-control wpcf7-textarea\" aria-invalid=\"false\" name=\"your-message\"><\/textarea><\/span> <\/label>\n<\/p>\n<p><input class=\"wpcf7-form-control wpcf7-submit has-spinner\" type=\"submit\" value=\"Envoyer\" \/>\n<\/p><p style=\"display: none !important;\" class=\"akismet-fields-container\" data-prefix=\"_wpcf7_ak_\"><label>&#916;<textarea name=\"_wpcf7_ak_hp_textarea\" cols=\"45\" rows=\"8\" maxlength=\"100\"><\/textarea><\/label><input type=\"hidden\" id=\"ak_js_1\" name=\"_wpcf7_ak_js\" value=\"179\"\/><script>document.getElementById( \"ak_js_1\" ).setAttribute( \"value\", ( new Date() ).getTime() );<\/script><\/p><div class=\"wpcf7-response-output\" aria-hidden=\"true\"><\/div>\n<\/form>\n<\/div>\n\n\n            <\/div><!-- aux-col-wrapper -->\n    <\/section><!-- widget-container -->\t\t\t\t<\/div>\n\t\t\t\t<\/div>\n\t\t\t\t<\/div>\n\t\t\t\t<\/div>\n\t\t","protected":false},"excerpt":{"rendered":"<p>Nous contacter Contactez-nous et dites-nous comment nous pouvons vous aider. Remplissez le formulaire ci-dessous ou \u00e9crivez nous \u00e0 : info@autonomade.fr T\u00e9l\u00e9phone: +33 621 471 153 (06 21 47 11 53) Votre nom Votre e-mail Objet Votre message (facultatif) &#916;<\/p>\n","protected":false},"author":1,"featured_media":0,"parent":0,"menu_order":0,"comment_status":"closed","ping_status":"closed","template":"","meta":{"footnotes":""},"class_list":["post-33","page","type-page","status-publish","hentry"],"yoast_head":"<!-- This site is optimized with the Yoast SEO plugin v26.7 - https:\/\/yoast.com\/wordpress\/plugins\/seo\/ -->\n<title>Contact - Autonomade<\/title>\n<meta name=\"robots\" content=\"index, follow, max-snippet:-1, max-image-preview:large, max-video-preview:-1\" \/>\n<link rel=\"canonical\" href=\"https:\/\/www.autonomade.fr\/index.php\/contact\/\" \/>\n<meta property=\"og:locale\" content=\"fr_FR\" \/>\n<meta property=\"og:type\" content=\"article\" \/>\n<meta property=\"og:title\" content=\"Contact - Autonomade\" \/>\n<meta property=\"og:description\" content=\"Nous contacter Contactez-nous et dites-nous comment nous pouvons vous aider. Remplissez le formulaire ci-dessous ou \u00e9crivez nous \u00e0 : info@autonomade.fr T\u00e9l\u00e9phone: +33 621 471 153 (06 21 47 11 53) Votre nom Votre e-mail Objet Votre message (facultatif) &#916;\" \/>\n<meta property=\"og:url\" content=\"https:\/\/www.autonomade.fr\/index.php\/contact\/\" \/>\n<meta property=\"og:site_name\" content=\"Autonomade\" \/>\n<meta property=\"article:modified_time\" content=\"2025-12-03T18:18:11+00:00\" \/>\n<meta name=\"twitter:card\" content=\"summary_large_image\" \/>\n<meta name=\"twitter:label1\" content=\"Dur\u00e9e de lecture estim\u00e9e\" \/>\n\t<meta name=\"twitter:data1\" content=\"1 minute\" \/>\n<script type=\"application\/ld+json\" class=\"yoast-schema-graph\">{\"@context\":\"https:\/\/schema.org\",\"@graph\":[{\"@type\":\"WebPage\",\"@id\":\"https:\/\/www.autonomade.fr\/index.php\/contact\/\",\"url\":\"https:\/\/www.autonomade.fr\/index.php\/contact\/\",\"name\":\"Contact - Autonomade\",\"isPartOf\":{\"@id\":\"https:\/\/www.autonomade.fr\/#website\"},\"datePublished\":\"2025-10-31T15:17:32+00:00\",\"dateModified\":\"2025-12-03T18:18:11+00:00\",\"breadcrumb\":{\"@id\":\"https:\/\/www.autonomade.fr\/index.php\/contact\/#breadcrumb\"},\"inLanguage\":\"fr-FR\",\"potentialAction\":[{\"@type\":\"ReadAction\",\"target\":[\"https:\/\/www.autonomade.fr\/index.php\/contact\/\"]}]},{\"@type\":\"BreadcrumbList\",\"@id\":\"https:\/\/www.autonomade.fr\/index.php\/contact\/#breadcrumb\",\"itemListElement\":[{\"@type\":\"ListItem\",\"position\":1,\"name\":\"Home\",\"item\":\"https:\/\/www.autonomade.fr\/\"},{\"@type\":\"ListItem\",\"position\":2,\"name\":\"Contact\"}]},{\"@type\":\"WebSite\",\"@id\":\"https:\/\/www.autonomade.fr\/#website\",\"url\":\"https:\/\/www.autonomade.fr\/\",\"name\":\"Autonomade\",\"description\":\"\",\"publisher\":{\"@id\":\"https:\/\/www.autonomade.fr\/#organization\"},\"potentialAction\":[{\"@type\":\"SearchAction\",\"target\":{\"@type\":\"EntryPoint\",\"urlTemplate\":\"https:\/\/www.autonomade.fr\/?s={search_term_string}\"},\"query-input\":{\"@type\":\"PropertyValueSpecification\",\"valueRequired\":true,\"valueName\":\"search_term_string\"}}],\"inLanguage\":\"fr-FR\"},{\"@type\":\"Organization\",\"@id\":\"https:\/\/www.autonomade.fr\/#organization\",\"name\":\"Autonomade\",\"url\":\"https:\/\/www.autonomade.fr\/\",\"logo\":{\"@type\":\"ImageObject\",\"inLanguage\":\"fr-FR\",\"@id\":\"https:\/\/www.autonomade.fr\/#\/schema\/logo\/image\/\",\"url\":\"https:\/\/www.autonomade.fr\/wp-content\/uploads\/2025\/10\/logoAutoNomade.png\",\"contentUrl\":\"https:\/\/www.autonomade.fr\/wp-content\/uploads\/2025\/10\/logoAutoNomade.png\",\"width\":509,\"height\":112,\"caption\":\"Autonomade\"},\"image\":{\"@id\":\"https:\/\/www.autonomade.fr\/#\/schema\/logo\/image\/\"},\"sameAs\":[\"https:\/\/www.instagram.com\/autonomade.fr\/\"]}]}<\/script>\n<!-- \/ Yoast SEO plugin. -->","yoast_head_json":{"title":"Contact - Autonomade","robots":{"index":"index","follow":"follow","max-snippet":"max-snippet:-1","max-image-preview":"max-image-preview:large","max-video-preview":"max-video-preview:-1"},"canonical":"https:\/\/www.autonomade.fr\/index.php\/contact\/","og_locale":"fr_FR","og_type":"article","og_title":"Contact - Autonomade","og_description":"Nous contacter Contactez-nous et dites-nous comment nous pouvons vous aider. Remplissez le formulaire ci-dessous ou \u00e9crivez nous \u00e0 : info@autonomade.fr T\u00e9l\u00e9phone: +33 621 471 153 (06 21 47 11 53) Votre nom Votre e-mail Objet Votre message (facultatif) &#916;","og_url":"https:\/\/www.autonomade.fr\/index.php\/contact\/","og_site_name":"Autonomade","article_modified_time":"2025-12-03T18:18:11+00:00","twitter_card":"summary_large_image","twitter_misc":{"Dur\u00e9e de lecture estim\u00e9e":"1 minute"},"schema":{"@context":"https:\/\/schema.org","@graph":[{"@type":"WebPage","@id":"https:\/\/www.autonomade.fr\/index.php\/contact\/","url":"https:\/\/www.autonomade.fr\/index.php\/contact\/","name":"Contact - Autonomade","isPartOf":{"@id":"https:\/\/www.autonomade.fr\/#website"},"datePublished":"2025-10-31T15:17:32+00:00","dateModified":"2025-12-03T18:18:11+00:00","breadcrumb":{"@id":"https:\/\/www.autonomade.fr\/index.php\/contact\/#breadcrumb"},"inLanguage":"fr-FR","potentialAction":[{"@type":"ReadAction","target":["https:\/\/www.autonomade.fr\/index.php\/contact\/"]}]},{"@type":"BreadcrumbList","@id":"https:\/\/www.autonomade.fr\/index.php\/contact\/#breadcrumb","itemListElement":[{"@type":"ListItem","position":1,"name":"Home","item":"https:\/\/www.autonomade.fr\/"},{"@type":"ListItem","position":2,"name":"Contact"}]},{"@type":"WebSite","@id":"https:\/\/www.autonomade.fr\/#website","url":"https:\/\/www.autonomade.fr\/","name":"Autonomade","description":"","publisher":{"@id":"https:\/\/www.autonomade.fr\/#organization"},"potentialAction":[{"@type":"SearchAction","target":{"@type":"EntryPoint","urlTemplate":"https:\/\/www.autonomade.fr\/?s={search_term_string}"},"query-input":{"@type":"PropertyValueSpecification","valueRequired":true,"valueName":"search_term_string"}}],"inLanguage":"fr-FR"},{"@type":"Organization","@id":"https:\/\/www.autonomade.fr\/#organization","name":"Autonomade","url":"https:\/\/www.autonomade.fr\/","logo":{"@type":"ImageObject","inLanguage":"fr-FR","@id":"https:\/\/www.autonomade.fr\/#\/schema\/logo\/image\/","url":"https:\/\/www.autonomade.fr\/wp-content\/uploads\/2025\/10\/logoAutoNomade.png","contentUrl":"https:\/\/www.autonomade.fr\/wp-content\/uploads\/2025\/10\/logoAutoNomade.png","width":509,"height":112,"caption":"Autonomade"},"image":{"@id":"https:\/\/www.autonomade.fr\/#\/schema\/logo\/image\/"},"sameAs":["https:\/\/www.instagram.com\/autonomade.fr\/"]}]}},"_links":{"self":[{"href":"https:\/\/www.autonomade.fr\/index.php\/wp-json\/wp\/v2\/pages\/33","targetHints":{"allow":["GET"]}}],"collection":[{"href":"https:\/\/www.autonomade.fr\/index.php\/wp-json\/wp\/v2\/pages"}],"about":[{"href":"https:\/\/www.autonomade.fr\/index.php\/wp-json\/wp\/v2\/types\/page"}],"author":[{"embeddable":true,"href":"https:\/\/www.autonomade.fr\/index.php\/wp-json\/wp\/v2\/users\/1"}],"replies":[{"embeddable":true,"href":"https:\/\/www.autonomade.fr\/index.php\/wp-json\/wp\/v2\/comments?post=33"}],"version-history":[{"count":43,"href":"https:\/\/www.autonomade.fr\/index.php\/wp-json\/wp\/v2\/pages\/33\/revisions"}],"predecessor-version":[{"id":1339,"href":"https:\/\/www.autonomade.fr\/index.php\/wp-json\/wp\/v2\/pages\/33\/revisions\/1339"}],"wp:attachment":[{"href":"https:\/\/www.autonomade.fr\/index.php\/wp-json\/wp\/v2\/media?parent=33"}],"curies":[{"name":"wp","href":"https:\/\/api.w.org\/{rel}","templated":true}]}}