{"id":332,"date":"2025-11-01T16:00:38","date_gmt":"2025-11-01T15:00:38","guid":{"rendered":"http:\/\/vps-c83c33c3.vps.ovh.net\/?page_id=332"},"modified":"2025-11-10T15:49:15","modified_gmt":"2025-11-10T14:49:15","slug":"pro-agriculture","status":"publish","type":"page","link":"https:\/\/www.autonomade.fr\/index.php\/pro-agriculture\/","title":{"rendered":"Pro \/ Agriculture"},"content":{"rendered":"\t\t<div data-elementor-type=\"wp-page\" data-elementor-id=\"332\" class=\"elementor elementor-332\">\n\t\t\t\t<div class=\"aux-parallax-section elementor-element elementor-element-9facb06 e-flex e-con-boxed e-con e-parent\" data-id=\"9facb06\" data-element_type=\"container\" data-settings=\"{&quot;background_background&quot;:&quot;classic&quot;}\">\n\t\t\t\t\t<div class=\"e-con-inner\">\n\t\t\t\t<div class=\"elementor-element elementor-element-6b8b91b1 elementor-invisible elementor-widget elementor-widget-heading\" data-id=\"6b8b91b1\" data-element_type=\"widget\" data-settings=\"{&quot;_animation&quot;:&quot;fadeIn&quot;}\" data-widget_type=\"heading.default\">\n\t\t\t\t\t<h1 class=\"elementor-heading-title elementor-size-default\">Solution pour les pro et les agriculteurs \/ \u00e9leveurs<\/h1>\t\t\t\t<\/div>\n\t\t\t\t<div class=\"elementor-element elementor-element-2cc825dc elementor-widget elementor-widget-text-editor\" data-id=\"2cc825dc\" data-element_type=\"widget\" data-widget_type=\"text-editor.default\">\n\t\t\t\t\t\t\t\t\t<p>Page en cours de mise \u00e0 jour, n&rsquo;h\u00e9sitez pas \u00e0 nous contacter pour plus de renseignement.<br \/>La partie pompage est d\u00e9j\u00e0 disponible ci-dessous<\/p>\t\t\t\t\t\t\t\t<\/div>\n\t\t\t\t<div class=\"elementor-element elementor-element-24fb784a elementor-align-center elementor-invisible elementor-widget elementor-widget-button\" data-id=\"24fb784a\" data-element_type=\"widget\" data-settings=\"{&quot;_animation&quot;:&quot;fadeIn&quot;,&quot;_animation_delay&quot;:400}\" data-widget_type=\"button.default\">\n\t\t\t\t\t\t\t\t\t\t<a class=\"elementor-button elementor-button-link elementor-size-sm\" href=\"\/index.php\/contact\/\" id=\"contact_id1\">\n\t\t\t\t\t\t<span class=\"elementor-button-content-wrapper\">\n\t\t\t\t\t\t<span class=\"elementor-button-icon\">\n\t\t\t\t<i aria-hidden=\"true\" class=\"auxicon auxicon-ios-telephone-outline\"><\/i>\t\t\t<\/span>\n\t\t\t\t\t\t\t\t\t<span class=\"elementor-button-text\">Nous contacter<\/span>\n\t\t\t\t\t<\/span>\n\t\t\t\t\t<\/a>\n\t\t\t\t\t\t\t\t<\/div>\n\t\t\t\t\t<\/div>\n\t\t\t\t<\/div>\n\t\t<div class=\"aux-parallax-section elementor-element elementor-element-544e526 e-flex e-con-boxed e-con e-parent\" data-id=\"544e526\" data-element_type=\"container\">\n\t\t\t\t\t<div class=\"e-con-inner\">\n\t\t<div class=\"elementor-element elementor-element-248fc8a3 e-con-full e-grid e-con e-child\" data-id=\"248fc8a3\" data-element_type=\"container\">\n\t\t<div class=\"elementor-element elementor-element-6f28e086 e-con-full e-flex e-con e-child\" data-id=\"6f28e086\" data-element_type=\"container\">\n\t\t<div class=\"elementor-element elementor-element-5fcf9a9 e-con-full e-flex e-con e-child\" data-id=\"5fcf9a9\" data-element_type=\"container\">\n\t\t\t\t<div class=\"elementor-element elementor-element-35ac0ffc elementor-widget elementor-widget-heading\" data-id=\"35ac0ffc\" data-element_type=\"widget\" data-widget_type=\"heading.default\">\n\t\t\t\t\t<h2 class=\"elementor-heading-title elementor-size-default\">Pompe solaire, irrigation<br><\/h2>\t\t\t\t<\/div>\n\t\t\t\t<\/div>\n\t\t\t\t<div class=\"elementor-element elementor-element-333a8f7a elementor-widget elementor-widget-image\" data-id=\"333a8f7a\" data-element_type=\"widget\" data-widget_type=\"image.default\">\n\t\t\t\t\t\t\t\t\t\t\t\t\t\t\t<img decoding=\"async\" src=\"https:\/\/www.autonomade.fr\/wp-content\/uploads\/elementor\/thumbs\/pompage_1760952511-re2k4e3rrqw5735b2z5iojgt1q5hb1zg8f2zw9aphk.webp\" title=\"pompage_1760952511\" alt=\"pompage_1760952511\" class=\"elementor-animation-grow\" loading=\"lazy\" \/>\t\t\t\t\t\t\t\t\t\t\t\t\t\t\t<\/div>\n\t\t\t\t<div class=\"elementor-element elementor-element-21dcc398 elementor-widget elementor-widget-text-editor\" data-id=\"21dcc398\" data-element_type=\"widget\" data-widget_type=\"text-editor.default\">\n\t\t\t\t\t\t\t\t\t<p>La pompe est directement aliment\u00e9e par un panneau solaire :\u00a0<strong>le jour,<\/strong> elle fonctionne en fonction de l&rsquo;ensoleillement, <strong>la nuit<\/strong> elle est \u00e0 l&rsquo;arr\u00eat.<\/p><p>Ce syst\u00e8me simple et \u00e9conomique (sans batterie) est utilis\u00e9 pour l&rsquo;irrigation, l&rsquo;abreuvement du b\u00e9tail, le remplissage d&rsquo;une cuve&#8230;<\/p><p>Pour des applications n\u00e9cessitant le pompage de jour comme de nuit, il faut envisager l&rsquo;utilisation d&rsquo;un kit solaire autonome (avec batterie).<\/p>\t\t\t\t\t\t\t\t<\/div>\n\t\t\t\t<\/div>\n\t\t<div class=\"elementor-element elementor-element-58930b8c e-con-full e-flex e-con e-child\" data-id=\"58930b8c\" data-element_type=\"container\">\n\t\t<div class=\"elementor-element elementor-element-a6a0a6a e-con-full e-flex e-con e-child\" data-id=\"a6a0a6a\" data-element_type=\"container\">\n\t\t\t\t<div class=\"elementor-element elementor-element-5a2dac1c elementor-widget elementor-widget-heading\" data-id=\"5a2dac1c\" data-element_type=\"widget\" data-widget_type=\"heading.default\">\n\t\t\t\t\t<h2 class=\"elementor-heading-title elementor-size-default\">Cl\u00f4ture, g\u00e9n\u00e9rateur solaire, surveillance ...<\/h2>\t\t\t\t<\/div>\n\t\t\t\t<\/div>\n\t\t\t\t<div class=\"elementor-element elementor-element-2063ea9f elementor-widget elementor-widget-image\" data-id=\"2063ea9f\" data-element_type=\"widget\" data-widget_type=\"image.default\">\n\t\t\t\t\t\t\t\t\t\t\t\t\t\t\t<img decoding=\"async\" src=\"https:\/\/www.autonomade.fr\/wp-content\/uploads\/elementor\/thumbs\/Entretien_des_panneaux_solaire_Agricola_Las_Torres_photo_Tomis_Garcia-Huidobro-1000x562_1760952786-re2k42tphqgpbrlowu9zumb9x3p2qoqo6v964xrfk8.jpg\" title=\"Entretien_des_panneaux_solaire_Agricola_Las_Torres_photo_Tomis_Garcia-Huidobro-1000x562_1760952786\" alt=\"Entretien_des_panneaux_solaire_Agricola_Las_Torres_photo_Tomis_Garcia-Huidobro-1000x562_1760952786\" class=\"elementor-animation-grow\" loading=\"lazy\" \/>\t\t\t\t\t\t\t\t\t\t\t\t\t\t\t<\/div>\n\t\t\t\t<div class=\"elementor-element elementor-element-53f04610 elementor-widget elementor-widget-text-editor\" data-id=\"53f04610\" data-element_type=\"widget\" data-widget_type=\"text-editor.default\">\n\t\t\t\t\t\t\t\t\t<p>Cam\u00e9ra de surveillance autonome, cloture \u00e9lectrique solaire, g\u00e9n\u00e9rateur solaire transportable ou fixe&#8230;<\/p>\t\t\t\t\t\t\t\t<\/div>\n\t\t\t\t<\/div>\n\t\t<div class=\"elementor-element elementor-element-1ba95238 e-con-full e-flex e-con e-child\" data-id=\"1ba95238\" data-element_type=\"container\">\n\t\t<div class=\"elementor-element elementor-element-ee54d40 e-con-full e-flex e-con e-child\" data-id=\"ee54d40\" data-element_type=\"container\">\n\t\t\t\t<div class=\"elementor-element elementor-element-5ee3150f elementor-widget elementor-widget-heading\" data-id=\"5ee3150f\" data-element_type=\"widget\" data-widget_type=\"heading.default\">\n\t\t\t\t\t<h2 class=\"elementor-heading-title elementor-size-default\">Foodtruck, camion atelier<br><\/h2>\t\t\t\t<\/div>\n\t\t\t\t<\/div>\n\t\t\t\t<div class=\"elementor-element elementor-element-78c32f21 elementor-widget elementor-widget-image\" data-id=\"78c32f21\" data-element_type=\"widget\" data-widget_type=\"image.default\">\n\t\t\t\t\t\t\t\t\t\t\t\t\t\t\t<img decoding=\"async\" src=\"https:\/\/www.autonomade.fr\/wp-content\/uploads\/elementor\/thumbs\/camion-atelier_1760966836-re2k46l292lum7g8avwi4ld4an6jlh5ljdv421luvc.webp\" title=\"camion atelier_1760966836\" alt=\"camion atelier_1760966836\" class=\"elementor-animation-grow\" loading=\"lazy\" \/>\t\t\t\t\t\t\t\t\t\t\t\t\t\t\t<\/div>\n\t\t\t\t<div class=\"elementor-element elementor-element-647c3501 elementor-widget elementor-widget-text-editor\" data-id=\"647c3501\" data-element_type=\"widget\" data-widget_type=\"text-editor.default\">\n\t\t\t\t\t\t\t\t\t<p>Votre outils de travail compl\u00e8tement autonome en \u00e9lectricit\u00e9 et adapt\u00e9 \u00e0 vos usages et besoins<\/p>\t\t\t\t\t\t\t\t<\/div>\n\t\t\t\t<\/div>\n\t\t\t\t<\/div>\n\t\t\t\t\t<\/div>\n\t\t\t\t<\/div>\n\t\t\t\t<\/div>\n\t\t","protected":false},"excerpt":{"rendered":"<p>Solution pour les pro et les agriculteurs \/ \u00e9leveurs Page en cours de mise \u00e0 jour, n&rsquo;h\u00e9sitez pas \u00e0 nous contacter pour plus de renseignement.La partie pompage est d\u00e9j\u00e0 disponible ci-dessous Nous contacter Pompe solaire, irrigation La pompe est directement aliment\u00e9e par un panneau solaire :\u00a0le jour, elle fonctionne en fonction de l&rsquo;ensoleillement, la nuit [&hellip;]<\/p>\n","protected":false},"author":1,"featured_media":0,"parent":0,"menu_order":0,"comment_status":"closed","ping_status":"closed","template":"","meta":{"footnotes":""},"class_list":["post-332","page","type-page","status-publish","hentry"],"yoast_head":"<!-- This site is optimized with the Yoast SEO plugin v26.7 - https:\/\/yoast.com\/wordpress\/plugins\/seo\/ -->\n<title>Pro \/ Agriculture - Autonomade<\/title>\n<meta name=\"robots\" content=\"index, follow, max-snippet:-1, max-image-preview:large, max-video-preview:-1\" \/>\n<link rel=\"canonical\" href=\"https:\/\/www.autonomade.fr\/index.php\/pro-agriculture\/\" \/>\n<meta property=\"og:locale\" content=\"fr_FR\" \/>\n<meta property=\"og:type\" content=\"article\" \/>\n<meta property=\"og:title\" content=\"Pro \/ Agriculture - Autonomade\" \/>\n<meta property=\"og:description\" content=\"Solution pour les pro et les agriculteurs \/ \u00e9leveurs Page en cours de mise \u00e0 jour, n&rsquo;h\u00e9sitez pas \u00e0 nous contacter pour plus de renseignement.La partie pompage est d\u00e9j\u00e0 disponible ci-dessous Nous contacter Pompe solaire, irrigation La pompe est directement aliment\u00e9e par un panneau solaire :\u00a0le jour, elle fonctionne en fonction de l&rsquo;ensoleillement, la nuit [&hellip;]\" \/>\n<meta property=\"og:url\" content=\"https:\/\/www.autonomade.fr\/index.php\/pro-agriculture\/\" \/>\n<meta property=\"og:site_name\" content=\"Autonomade\" \/>\n<meta property=\"article:modified_time\" content=\"2025-11-10T14:49:15+00:00\" \/>\n<meta property=\"og:image\" content=\"https:\/\/www.autonomade.fr\/wp-content\/uploads\/elementor\/thumbs\/pompage_1760952511-re2k4e3rrqw5735b2z5iojgt1q5hb1zg8f2zw9aphk.webp\" \/>\n<meta name=\"twitter:card\" content=\"summary_large_image\" \/>\n<meta name=\"twitter:label1\" content=\"Dur\u00e9e de lecture estim\u00e9e\" \/>\n\t<meta name=\"twitter:data1\" content=\"1 minute\" \/>\n<script type=\"application\/ld+json\" class=\"yoast-schema-graph\">{\"@context\":\"https:\/\/schema.org\",\"@graph\":[{\"@type\":\"WebPage\",\"@id\":\"https:\/\/www.autonomade.fr\/index.php\/pro-agriculture\/\",\"url\":\"https:\/\/www.autonomade.fr\/index.php\/pro-agriculture\/\",\"name\":\"Pro \/ Agriculture - Autonomade\",\"isPartOf\":{\"@id\":\"https:\/\/www.autonomade.fr\/#website\"},\"primaryImageOfPage\":{\"@id\":\"https:\/\/www.autonomade.fr\/index.php\/pro-agriculture\/#primaryimage\"},\"image\":{\"@id\":\"https:\/\/www.autonomade.fr\/index.php\/pro-agriculture\/#primaryimage\"},\"thumbnailUrl\":\"https:\/\/www.autonomade.fr\/wp-content\/uploads\/elementor\/thumbs\/pompage_1760952511-re2k4e3rrqw5735b2z5iojgt1q5hb1zg8f2zw9aphk.webp\",\"datePublished\":\"2025-11-01T15:00:38+00:00\",\"dateModified\":\"2025-11-10T14:49:15+00:00\",\"breadcrumb\":{\"@id\":\"https:\/\/www.autonomade.fr\/index.php\/pro-agriculture\/#breadcrumb\"},\"inLanguage\":\"fr-FR\",\"potentialAction\":[{\"@type\":\"ReadAction\",\"target\":[\"https:\/\/www.autonomade.fr\/index.php\/pro-agriculture\/\"]}]},{\"@type\":\"ImageObject\",\"inLanguage\":\"fr-FR\",\"@id\":\"https:\/\/www.autonomade.fr\/index.php\/pro-agriculture\/#primaryimage\",\"url\":\"https:\/\/www.autonomade.fr\/wp-content\/uploads\/elementor\/thumbs\/pompage_1760952511-re2k4e3rrqw5735b2z5iojgt1q5hb1zg8f2zw9aphk.webp\",\"contentUrl\":\"https:\/\/www.autonomade.fr\/wp-content\/uploads\/elementor\/thumbs\/pompage_1760952511-re2k4e3rrqw5735b2z5iojgt1q5hb1zg8f2zw9aphk.webp\"},{\"@type\":\"BreadcrumbList\",\"@id\":\"https:\/\/www.autonomade.fr\/index.php\/pro-agriculture\/#breadcrumb\",\"itemListElement\":[{\"@type\":\"ListItem\",\"position\":1,\"name\":\"Home\",\"item\":\"https:\/\/www.autonomade.fr\/\"},{\"@type\":\"ListItem\",\"position\":2,\"name\":\"Pro \/ Agriculture\"}]},{\"@type\":\"WebSite\",\"@id\":\"https:\/\/www.autonomade.fr\/#website\",\"url\":\"https:\/\/www.autonomade.fr\/\",\"name\":\"Autonomade\",\"description\":\"\",\"publisher\":{\"@id\":\"https:\/\/www.autonomade.fr\/#organization\"},\"potentialAction\":[{\"@type\":\"SearchAction\",\"target\":{\"@type\":\"EntryPoint\",\"urlTemplate\":\"https:\/\/www.autonomade.fr\/?s={search_term_string}\"},\"query-input\":{\"@type\":\"PropertyValueSpecification\",\"valueRequired\":true,\"valueName\":\"search_term_string\"}}],\"inLanguage\":\"fr-FR\"},{\"@type\":\"Organization\",\"@id\":\"https:\/\/www.autonomade.fr\/#organization\",\"name\":\"Autonomade\",\"url\":\"https:\/\/www.autonomade.fr\/\",\"logo\":{\"@type\":\"ImageObject\",\"inLanguage\":\"fr-FR\",\"@id\":\"https:\/\/www.autonomade.fr\/#\/schema\/logo\/image\/\",\"url\":\"https:\/\/www.autonomade.fr\/wp-content\/uploads\/2025\/10\/logoAutoNomade.png\",\"contentUrl\":\"https:\/\/www.autonomade.fr\/wp-content\/uploads\/2025\/10\/logoAutoNomade.png\",\"width\":509,\"height\":112,\"caption\":\"Autonomade\"},\"image\":{\"@id\":\"https:\/\/www.autonomade.fr\/#\/schema\/logo\/image\/\"},\"sameAs\":[\"https:\/\/www.instagram.com\/autonomade.fr\/\"]}]}<\/script>\n<!-- \/ Yoast SEO plugin. -->","yoast_head_json":{"title":"Pro \/ Agriculture - Autonomade","robots":{"index":"index","follow":"follow","max-snippet":"max-snippet:-1","max-image-preview":"max-image-preview:large","max-video-preview":"max-video-preview:-1"},"canonical":"https:\/\/www.autonomade.fr\/index.php\/pro-agriculture\/","og_locale":"fr_FR","og_type":"article","og_title":"Pro \/ Agriculture - Autonomade","og_description":"Solution pour les pro et les agriculteurs \/ \u00e9leveurs Page en cours de mise \u00e0 jour, n&rsquo;h\u00e9sitez pas \u00e0 nous contacter pour plus de renseignement.La partie pompage est d\u00e9j\u00e0 disponible ci-dessous Nous contacter Pompe solaire, irrigation La pompe est directement aliment\u00e9e par un panneau solaire :\u00a0le jour, elle fonctionne en fonction de l&rsquo;ensoleillement, la nuit [&hellip;]","og_url":"https:\/\/www.autonomade.fr\/index.php\/pro-agriculture\/","og_site_name":"Autonomade","article_modified_time":"2025-11-10T14:49:15+00:00","og_image":[{"url":"https:\/\/www.autonomade.fr\/wp-content\/uploads\/elementor\/thumbs\/pompage_1760952511-re2k4e3rrqw5735b2z5iojgt1q5hb1zg8f2zw9aphk.webp","type":"","width":"","height":""}],"twitter_card":"summary_large_image","twitter_misc":{"Dur\u00e9e de lecture estim\u00e9e":"1 minute"},"schema":{"@context":"https:\/\/schema.org","@graph":[{"@type":"WebPage","@id":"https:\/\/www.autonomade.fr\/index.php\/pro-agriculture\/","url":"https:\/\/www.autonomade.fr\/index.php\/pro-agriculture\/","name":"Pro \/ Agriculture - Autonomade","isPartOf":{"@id":"https:\/\/www.autonomade.fr\/#website"},"primaryImageOfPage":{"@id":"https:\/\/www.autonomade.fr\/index.php\/pro-agriculture\/#primaryimage"},"image":{"@id":"https:\/\/www.autonomade.fr\/index.php\/pro-agriculture\/#primaryimage"},"thumbnailUrl":"https:\/\/www.autonomade.fr\/wp-content\/uploads\/elementor\/thumbs\/pompage_1760952511-re2k4e3rrqw5735b2z5iojgt1q5hb1zg8f2zw9aphk.webp","datePublished":"2025-11-01T15:00:38+00:00","dateModified":"2025-11-10T14:49:15+00:00","breadcrumb":{"@id":"https:\/\/www.autonomade.fr\/index.php\/pro-agriculture\/#breadcrumb"},"inLanguage":"fr-FR","potentialAction":[{"@type":"ReadAction","target":["https:\/\/www.autonomade.fr\/index.php\/pro-agriculture\/"]}]},{"@type":"ImageObject","inLanguage":"fr-FR","@id":"https:\/\/www.autonomade.fr\/index.php\/pro-agriculture\/#primaryimage","url":"https:\/\/www.autonomade.fr\/wp-content\/uploads\/elementor\/thumbs\/pompage_1760952511-re2k4e3rrqw5735b2z5iojgt1q5hb1zg8f2zw9aphk.webp","contentUrl":"https:\/\/www.autonomade.fr\/wp-content\/uploads\/elementor\/thumbs\/pompage_1760952511-re2k4e3rrqw5735b2z5iojgt1q5hb1zg8f2zw9aphk.webp"},{"@type":"BreadcrumbList","@id":"https:\/\/www.autonomade.fr\/index.php\/pro-agriculture\/#breadcrumb","itemListElement":[{"@type":"ListItem","position":1,"name":"Home","item":"https:\/\/www.autonomade.fr\/"},{"@type":"ListItem","position":2,"name":"Pro \/ Agriculture"}]},{"@type":"WebSite","@id":"https:\/\/www.autonomade.fr\/#website","url":"https:\/\/www.autonomade.fr\/","name":"Autonomade","description":"","publisher":{"@id":"https:\/\/www.autonomade.fr\/#organization"},"potentialAction":[{"@type":"SearchAction","target":{"@type":"EntryPoint","urlTemplate":"https:\/\/www.autonomade.fr\/?s={search_term_string}"},"query-input":{"@type":"PropertyValueSpecification","valueRequired":true,"valueName":"search_term_string"}}],"inLanguage":"fr-FR"},{"@type":"Organization","@id":"https:\/\/www.autonomade.fr\/#organization","name":"Autonomade","url":"https:\/\/www.autonomade.fr\/","logo":{"@type":"ImageObject","inLanguage":"fr-FR","@id":"https:\/\/www.autonomade.fr\/#\/schema\/logo\/image\/","url":"https:\/\/www.autonomade.fr\/wp-content\/uploads\/2025\/10\/logoAutoNomade.png","contentUrl":"https:\/\/www.autonomade.fr\/wp-content\/uploads\/2025\/10\/logoAutoNomade.png","width":509,"height":112,"caption":"Autonomade"},"image":{"@id":"https:\/\/www.autonomade.fr\/#\/schema\/logo\/image\/"},"sameAs":["https:\/\/www.instagram.com\/autonomade.fr\/"]}]}},"_links":{"self":[{"href":"https:\/\/www.autonomade.fr\/index.php\/wp-json\/wp\/v2\/pages\/332","targetHints":{"allow":["GET"]}}],"collection":[{"href":"https:\/\/www.autonomade.fr\/index.php\/wp-json\/wp\/v2\/pages"}],"about":[{"href":"https:\/\/www.autonomade.fr\/index.php\/wp-json\/wp\/v2\/types\/page"}],"author":[{"embeddable":true,"href":"https:\/\/www.autonomade.fr\/index.php\/wp-json\/wp\/v2\/users\/1"}],"replies":[{"embeddable":true,"href":"https:\/\/www.autonomade.fr\/index.php\/wp-json\/wp\/v2\/comments?post=332"}],"version-history":[{"count":37,"href":"https:\/\/www.autonomade.fr\/index.php\/wp-json\/wp\/v2\/pages\/332\/revisions"}],"predecessor-version":[{"id":860,"href":"https:\/\/www.autonomade.fr\/index.php\/wp-json\/wp\/v2\/pages\/332\/revisions\/860"}],"wp:attachment":[{"href":"https:\/\/www.autonomade.fr\/index.php\/wp-json\/wp\/v2\/media?parent=332"}],"curies":[{"name":"wp","href":"https:\/\/api.w.org\/{rel}","templated":true}]}}